{"id":6637,"date":"2023-02-26T17:38:15","date_gmt":"2023-02-26T16:38:15","guid":{"rendered":"https:\/\/www.batic.si\/?page_id=6637"},"modified":"2025-03-17T14:42:44","modified_gmt":"2025-03-17T13:42:44","slug":"climate","status":"publish","type":"page","link":"https:\/\/www.batic.si\/ja\/vipava\/climate\/","title":{"rendered":"\u6c17\u5019"},"content":{"rendered":"\n<p><\/p>\n\n\n\n<p>\u30f4\u30a3\u30d1\u30f4\u30a1\u306f\u3001\u5730\u4e2d\u6d77\u3001\u30a2\u30eb\u30d7\u30b9\u3001\u305d\u3057\u3066\u5927\u9678\u6027\u6c17\u5019\u306e\u4ea4\u5dee\u70b9\u306b\u4f4d\u7f6e\u3057\u3066\u304a\u308a\u3001\u305d\u306e\u30d6\u30c9\u30a6\u7551\u306f\u6696\u304b\u3044\u65e5\u3068\u6bd4\u8f03\u7684\u6dbc\u3057\u3044\u591c\u306b\u3088\u3063\u3066\u7279\u5fb4\u3065\u3051\u3089\u308c\u3066\u3044\u307e\u3059\u3002\u30f4\u30a3\u30d1\u30f4\u30a1\u306f\u30b9\u30ed\u30d9\u30cb\u30a2\u3067\u6700\u3082\u98a8\u306e\u5f37\u3044\u5730\u57df\u3067\u3059\u3002\u5927\u304d\u306a\u6e29\u5ea6\u5dee\u306f\u3001\u5e38\u306b\u5439\u304f\u98a8\u306b\u53cd\u6620\u3055\u308c\u3066\u304a\u308a\u3001\u3053\u308c\u304c\u30d6\u30c9\u30a6\u7551\u3067\u306e\u75c5\u6c17\u306e\u767a\u751f\u3092\u6e1b\u5c11\u3055\u305b\u3001\u6709\u6a5f\u8fb2\u696d\u3084\u30d0\u30a4\u30aa\u30c0\u30a4\u30ca\u30df\u30c3\u30af\u8fb2\u6cd5\u306b\u7279\u6709\u306e\u6761\u4ef6\u3092\u4f5c\u308a\u51fa\u3057\u3066\u3044\u307e\u3059\u3002\u897f\u5411\u304d\u306b\u958b\u304b\u308c\u3066\u3044\u308b\u3053\u3068\u306f\u3001\u30f4\u30a3\u30d1\u30f4\u30a1\u306e\u91cd\u8981\u306a\u7279\u5fb4\u3067\u3042\u308a\u3001\u3053\u3053\u3067\u306e\u3059\u3079\u3066\u306e\u751f\u614b\u7cfb\u306b\u5f71\u97ff\u3092\u4e0e\u3048\u3066\u3044\u307e\u3059\u3002\u3053\u306e\u65b9\u5411\u304b\u3089\u5730\u4e2d\u6d77\u6027\u6c17\u5019\u306e\u5f71\u97ff\u304c\u6d78\u900f\u3057\u3001\u4e2d\u592e\u30b9\u30ed\u30d9\u30cb\u30a2\u3088\u308a\u3082\u6210\u9577\u671f\u304c2\u30f6\u6708\u9577\u304f\u306a\u308a\u307e\u3059\u3002\u3053\u308c\u306b\u3088\u308a\u3001\u592a\u967d\u3068\u6e29\u6696\u3055\u3092\u591a\u304f\u5fc5\u8981\u3068\u3059\u308b\u5178\u578b\u7684\u306a\u5730\u4e2d\u6d77\u690d\u7269\u3084\u305d\u306e\u4ed6\u306e\u690d\u7269\u7a2e\u306e\u6210\u9577\u3068\u683d\u57f9\u304c\u53ef\u80fd\u306b\u306a\u308a\u307e\u3059\u3002\u5730\u4e2d\u6d77\u3068\u5927\u9678\u6027\u306e\u5f71\u97ff\u304c\u4ea4\u932f\u3059\u308b\u3053\u3068\u3067\u3001\u690d\u7269\u7a2e\u306e\u591a\u69d8\u6027\u306b\u3082\u53cd\u6620\u3055\u308c\u3066\u304a\u308a\u3001\u30f4\u30a3\u30d1\u30f4\u30a1\u5730\u57df\u306f\u30b9\u30ed\u30d9\u30cb\u30a2\u3067\u6700\u3082\u591a\u304f\u306e\u56fa\u6709\u306e\u30d6\u30c9\u30a6\u54c1\u7a2e\u304c\u751f\u80b2\u3059\u308b\u5834\u6240\u3067\u3082\u3042\u308a\u307e\u3059\u3002<\/p>\n\n\n\n<figure class=\"wp-block-image size-large\"><img loading=\"lazy\" decoding=\"async\" width=\"1200\" height=\"800\" src=\"https:\/\/www.batic.si\/wp-content\/uploads\/2023\/03\/batic-smihel-1200x800.jpg\" alt=\"\" class=\"wp-image-1272\" srcset=\"https:\/\/www.batic.si\/wp-content\/uploads\/2023\/03\/batic-smihel-1200x800.jpg 1200w, https:\/\/www.batic.si\/wp-content\/uploads\/2023\/03\/batic-smihel-400x267.jpg 400w, https:\/\/www.batic.si\/wp-content\/uploads\/2023\/03\/batic-smihel-768x512.jpg 768w, https:\/\/www.batic.si\/wp-content\/uploads\/2023\/03\/batic-smihel.jpg 1920w\" sizes=\"auto, (max-width: 1200px) 100vw, 1200px\" \/><figcaption class=\"wp-element-caption\">Termika nad vinogradom \u0160mihel Livi\u0161\u010de Merlot<\/figcaption><\/figure>\n\n\n\n<p><\/p>\n\n\n\n<blockquote class=\"wp-block-quote has-text-align-center is-layout-flow wp-block-quote-is-layout-flow\">\n<p class=\"has-text-align-center\">\u3082\u3057\u30ef\u30a4\u30f3\u306e\u5473\u308f\u3044\u3092\u4e0e\u3048\u308b\u306e\u304c\u5927\u5730\u3067\u3042\u308b\u306a\u3089\u3070\u3001\u30ef\u30a4\u30f3\u306b\u547d\u3092\u4e0e\u3048\u308b\u306e\u306f\u7a7a\u3067\u3059\u3002<\/p>\n\n\n\n<p class=\"has-text-align-center\"><\/p>\n<cite>Miha Bati\u010d<\/cite><\/blockquote>\n\n\n\n<p><\/p>\n","protected":false},"excerpt":{"rendered":"<p>\u30f4\u30a3\u30d1\u30f4\u30a1\u306f\u3001\u5730\u4e2d\u6d77\u3001\u30a2\u30eb\u30d7\u30b9\u3001\u305d\u3057\u3066\u5927\u9678\u6027\u6c17\u5019 [&hellip;]<\/p>\n","protected":false},"author":1,"featured_media":7404,"parent":6635,"menu_order":0,"comment_status":"closed","ping_status":"closed","template":"","meta":{"_acf_changed":false,"inline_featured_image":false,"slim_seo":{"title":"\u6c17\u5019 - Vinarstvo Bati\u010d","description":"\u30f4\u30a3\u30d1\u30f4\u30a1\u306f\u3001\u5730\u4e2d\u6d77\u3001\u30a2\u30eb\u30d7\u30b9\u3001\u305d\u3057\u3066\u5927\u9678\u6027\u6c17\u5019\u306e\u4ea4\u5dee\u70b9\u306b\u4f4d\u7f6e\u3057\u3066\u304a\u308a\u3001\u305d\u306e\u30d6\u30c9\u30a6\u7551\u306f\u6696\u304b\u3044\u65e5\u3068\u6bd4\u8f03\u7684\u6dbc\u3057\u3044\u591c\u306b\u3088\u3063\u3066\u7279\u5fb4\u3065\u3051\u3089\u308c\u3066\u3044\u307e\u3059\u3002\u30f4\u30a3\u30d1\u30f4\u30a1\u306f\u30b9\u30ed\u30d9\u30cb\u30a2\u3067\u6700\u3082\u98a8\u306e\u5f37\u3044\u5730\u57df\u3067\u3059\u3002\u5927\u304d\u306a\u6e29\u5ea6\u5dee\u306f\u3001\u5e38\u306b\u5439\u304f\u98a8\u306b\u53cd\u6620\u3055\u308c\u3066\u304a\u308a\u3001\u3053\u308c\u304c\u30d6\u30c9\u30a6\u7551\u3067\u306e\u75c5\u6c17\u306e\u767a\u751f\u3092\u6e1b\u5c11\u3055\u305b\u3001\u6709\u6a5f\u8fb2\u696d\u3084\u30d0\u30a4\u30aa\u30c0\u30a4\u30ca\u30df\u30c3\u30af\u8fb2\u6cd5\u306b\u7279\u6709\u306e\u6761\u4ef6\u3092\u4f5c\u308a"},"footnotes":""},"class_list":["post-6637","page","type-page","status-publish","has-post-thumbnail","hentry"],"acf":[],"_links":{"self":[{"href":"https:\/\/www.batic.si\/ja\/wp-json\/wp\/v2\/pages\/6637","targetHints":{"allow":["GET"]}}],"collection":[{"href":"https:\/\/www.batic.si\/ja\/wp-json\/wp\/v2\/pages"}],"about":[{"href":"https:\/\/www.batic.si\/ja\/wp-json\/wp\/v2\/types\/page"}],"author":[{"embeddable":true,"href":"https:\/\/www.batic.si\/ja\/wp-json\/wp\/v2\/users\/1"}],"replies":[{"embeddable":true,"href":"https:\/\/www.batic.si\/ja\/wp-json\/wp\/v2\/comments?post=6637"}],"version-history":[{"count":3,"href":"https:\/\/www.batic.si\/ja\/wp-json\/wp\/v2\/pages\/6637\/revisions"}],"predecessor-version":[{"id":8003,"href":"https:\/\/www.batic.si\/ja\/wp-json\/wp\/v2\/pages\/6637\/revisions\/8003"}],"up":[{"embeddable":true,"href":"https:\/\/www.batic.si\/ja\/wp-json\/wp\/v2\/pages\/6635"}],"wp:featuredmedia":[{"embeddable":true,"href":"https:\/\/www.batic.si\/ja\/wp-json\/wp\/v2\/media\/7404"}],"wp:attachment":[{"href":"https:\/\/www.batic.si\/ja\/wp-json\/wp\/v2\/media?parent=6637"}],"curies":[{"name":"wp","href":"https:\/\/api.w.org\/{rel}","templated":true}]}}