{"id":6533,"date":"2023-02-26T17:42:16","date_gmt":"2023-02-26T16:42:16","guid":{"rendered":"https:\/\/www.batic.si\/?page_id=6533"},"modified":"2024-04-21T19:52:36","modified_gmt":"2024-04-21T17:52:36","slug":"biodynamic-farming","status":"publish","type":"page","link":"https:\/\/www.batic.si\/ja\/creation\/biodynamic-farming\/","title":{"rendered":"\u30d0\u30a4\u30aa\u30c0\u30a4\u30ca\u30df\u30c3\u30af\u8fb2\u6cd5"},"content":{"rendered":"\n<p>\u300c\u7406\u60f3\u7684\u306a\u8fb2\u5834\u306f\u305d\u308c\u81ea\u8eab\u3067\u5b8c\u6210\u3057\u305f\u500b\u4f53\u3067\u3042\u308b\u300d\u3068\u3044\u3046\u30b7\u30e5\u30bf\u30a4\u30ca\u30fc\u306e\u601d\u60f3\u306b\u57fa\u3065\u304d\u3001\u5916\u90e8\u304b\u3089\u80a5\u6599\u3092\u65bd\u3059\u3053\u3068\u3092\u826f\u3057\u3068\u305b\u305a[2]\u3001\u7406\u60f3\u7684\u306b\u306f\u8fb2\u5834\u304c\u751f\u614b\u7cfb\u3068\u3057\u3066\u9589\u9396\u7cfb\u3067\u3042\u308b\u3053\u3068\u3092\u76ee\u6307\u3059\u3002\u3053\u308c\u306f\u3001\u5f53\u6642\u6210\u7acb\u3057\u3064\u3064\u3042\u3063\u305f\u751f\u614b\u5b66\u3084\u793e\u4f1a\u5b66\u306e\u6709\u6a5f\u4f53\u8ad6\u3068\u306e\u95a2\u4fc2\u304c\u6307\u6458\u3055\u308c\u3066\u3044\u308b\u3002\u795e\u667a\u4e3b\u7fa9\u306e\u6709\u6a5f\u683d\u57f9\u5b9f\u8df5\u5bb6\u306b\u6709\u6a5f\u683d\u57f9\u306e\u795e\u667a\u5b66\u7684\u306a\u57fa\u790e\u4ed8\u3051\u3092\u6c42\u3081\u3089\u308c\u305f\u30eb\u30c9\u30eb\u30d5\u30fb\u30b7\u30e5\u30bf\u30a4\u30ca\u30fc\u304c\u3001\u4ea1\u304f\u306a\u308b\u524d\u5e74\u306e1924\u5e74\u30c9\u30a4\u30c4\u306e\u30b3\u30fc\u30d0\u30fc\u30f4\u30a3\u30c3\u30c4\u3067\u884c\u3063\u305f8\u56de\u306b\u53ca\u3076\u8b1b\u6f14\u3001\u901a\u79f0\u300c\u30b3\u30fc\u30d0\u30fc\u30f4\u30a3\u30c3\u30c4\u8fb2\u696d\u8b1b\u5ea7\u300d\u306b\u57fa\u3065\u3044\u3066\u304a\u308a\u3001\u795e\u667a\u5b66\u307e\u305f\u306f\u4eba\u667a\u5b66\u3092\u6839\u62e0\u306b\u3059\u308b\u3068\u3055\u308c\u308b\u3002\u5143\u6765\u30c9\u30a4\u30c4\u3067\u4f1d\u7d71\u7684\u306b\u884c\u308f\u308c\u3066\u3044\u305f\u8fb2\u6cd5\u3092\u795e\u667a\u5b66\u7684\u306b\u518d\u89e3\u91c8\u3057\u3066\u4f5c\u3089\u308c\u305f\u3068\u7406\u89e3\u3055\u308c\u3066\u3044\u308b\u304c\u3001\u305d\u306e\u969b\u306b\u3001\u4f1d\u7d71\u7684\u306b\u306f\u52b9\u7387\u3084\u6709\u52b9\u6027\u3092\u6839\u62e0\u306b\u7406\u89e3\u3055\u308c\u3066\u304d\u305f\u4e8b\u67c4<\/p>\n\n\n\n<figure class=\"wp-block-image size-large\"><img loading=\"lazy\" decoding=\"async\" width=\"1200\" height=\"800\" src=\"https:\/\/www.batic.si\/wp-content\/uploads\/2023\/04\/batic-501-biodynamic-farming-bw-1200x800.jpg\" alt=\"\" class=\"wp-image-2445\" srcset=\"https:\/\/www.batic.si\/wp-content\/uploads\/2023\/04\/batic-501-biodynamic-farming-bw-1200x800.jpg 1200w, https:\/\/www.batic.si\/wp-content\/uploads\/2023\/04\/batic-501-biodynamic-farming-bw-400x267.jpg 400w, https:\/\/www.batic.si\/wp-content\/uploads\/2023\/04\/batic-501-biodynamic-farming-bw-768x512.jpg 768w, https:\/\/www.batic.si\/wp-content\/uploads\/2023\/04\/batic-501-biodynamic-farming-bw.jpg 1920w\" sizes=\"auto, (max-width: 1200px) 100vw, 1200px\" \/><figcaption class=\"wp-element-caption\"> \u0160mihel Livi\u0161\u010de &#8211; morning spraying with 501 (horn silica)<\/figcaption><\/figure>\n\n\n\n<p>\u30d0\u30a4\u30aa\u30c0\u30a4\u30ca\u30df\u30c3\u30af\u8fb2\u6cd5\u306f\u3001\u9271\u7269\u88fd\u80a5\u6599\u306e\u4f7f\u7528\u3092\u4e2d\u5fc3\u3068\u3057\u305f\u305d\u308c\u307e\u3067\u306e\u8fb2\u6cd5\u3092\u5426\u5b9a\u3057\u3001\u571f\u58cc\u3068\u690d\u7269\u3001\u52d5\u7269\u306e\u76f8\u4e92\u4f5c\u7528\u3060\u3051\u3067\u306a\u304f\u3001\u5b87\u5b99\u306e\u529b\u3092\u571f\u58cc\u306b\u547c\u3073\u8fbc\u307f\u3001\u69d8\u3005\u306a\u5929\u4f53\u306e\u4f5c\u7528\u3092\u8fb2\u4f5c\u7269\u306e\u751f\u80b2\u306b\u751f\u304b\u3059\u3053\u3068\u3092\u76ee\u6307\u3059[4]\u3002\u592a\u9670\u66a6\u30fb\u5360\u661f\u8853\u306b\u57fa\u3065\u3044\u305f\u300c\u8fb2\u696d\u66a6\u300d\u306b\u3057\u305f\u304c\u3063\u3066\u7a2e\u307e\u304d\u3084\u53ce\u7a6b\u3001\u8abf\u5408\u5264\u306e\u652a\u62cc\u306a\u3069\u3092\u884c\u3044\u3001\u307e\u305f\u725b\u306e\u89d2\u3084\u6c34\u6676\u7c89\u306a\u3069\u306e\u7279\u6b8a\u306a\u7269\u8cea\u3092\u5229\u7528\u3059\u308b\u3002\u30db\u30e1\u30aa\u30d1\u30b7\u30fc\u7642\u6cd5\u306e\u3088\u3046\u306a\u7269\u8cea\u3092\u3001\u6e80\u6708\u306a\u3069\u5b9a\u3081\u3089\u308c\u305f\u6642\u523b\u306b\u571f\u58cc\u3078\u52a0\u3048\u308b\u3053\u3068\u3067\u3001\u571f\u58cc\u306e\u6539\u826f\u3092\u76ee\u6307\u3059\u3002\u305d\u306e\u305f\u3081\u9650\u754c\u304c\u3042\u308a\u3001\u5fae\u91cf\u5143\u7d20\u306e\u5c11\u306a\u3044\u571f\u58cc\u3001\u307e\u305f\u306fpH\u304c\u9ad8\u3044\u306a\u3069\u306e\u7406\u7531\u3067\u690d\u7269\u304c\u5229\u7528\u53ef\u80fd\u306a\u5fae\u91cf\u5143\u7d20\u306b\u4e4f\u3057\u3044\u571f\u58cc\u306b\u306f\u9069\u3055\u306a\u3044\u3002<\/p>\n\n\n\n<figure class=\"wp-block-image size-large\"><img loading=\"lazy\" decoding=\"async\" width=\"1200\" height=\"800\" src=\"https:\/\/www.batic.si\/wp-content\/uploads\/2023\/04\/batic-bd-kmetovanje-1200x800.jpg\" alt=\"\" class=\"wp-image-2450\" srcset=\"https:\/\/www.batic.si\/wp-content\/uploads\/2023\/04\/batic-bd-kmetovanje-1200x800.jpg 1200w, https:\/\/www.batic.si\/wp-content\/uploads\/2023\/04\/batic-bd-kmetovanje-400x267.jpg 400w, https:\/\/www.batic.si\/wp-content\/uploads\/2023\/04\/batic-bd-kmetovanje-768x512.jpg 768w, https:\/\/www.batic.si\/wp-content\/uploads\/2023\/04\/batic-bd-kmetovanje.jpg 1920w\" sizes=\"auto, (max-width: 1200px) 100vw, 1200px\" \/><figcaption class=\"wp-element-caption\">Drying field hrosetail<\/figcaption><\/figure>\n\n\n\n<p><br><\/p>\n\n\n\n<figure class=\"wp-block-image size-large\"><img loading=\"lazy\" decoding=\"async\" width=\"1200\" height=\"800\" src=\"https:\/\/www.batic.si\/wp-content\/uploads\/2023\/05\/biodinamicno-kmetovanje-batic-1200x800.jpg\" alt=\"\" class=\"wp-image-2566\" srcset=\"https:\/\/www.batic.si\/wp-content\/uploads\/2023\/05\/biodinamicno-kmetovanje-batic-1200x800.jpg 1200w, https:\/\/www.batic.si\/wp-content\/uploads\/2023\/05\/biodinamicno-kmetovanje-batic-400x267.jpg 400w, https:\/\/www.batic.si\/wp-content\/uploads\/2023\/05\/biodinamicno-kmetovanje-batic-768x512.jpg 768w, https:\/\/www.batic.si\/wp-content\/uploads\/2023\/05\/biodinamicno-kmetovanje-batic.jpg 1920w\" sizes=\"auto, (max-width: 1200px) 100vw, 1200px\" \/><figcaption class=\"wp-element-caption\">500 Horn Manure preparation<\/figcaption><\/figure>\n\n\n\n<p><br><\/p>\n\n\n\n<figure class=\"wp-block-video\"><video height=\"720\" style=\"aspect-ratio: 1280 \/ 720;\" width=\"1280\" controls src=\"https:\/\/www.batic.si\/wp-content\/uploads\/2024\/04\/Batic-Biodynamic-farming-1.mp4\"><\/video><\/figure>\n","protected":false},"excerpt":{"rendered":"<p>\u300c\u7406\u60f3\u7684\u306a\u8fb2\u5834\u306f\u305d\u308c\u81ea\u8eab\u3067\u5b8c\u6210\u3057\u305f\u500b\u4f53\u3067\u3042\u308b\u300d\u3068 [&hellip;]<\/p>\n","protected":false},"author":1,"featured_media":6396,"parent":6409,"menu_order":0,"comment_status":"closed","ping_status":"closed","template":"","meta":{"_acf_changed":false,"inline_featured_image":false,"slim_seo":{"title":"\u30d0\u30a4\u30aa\u30c0\u30a4\u30ca\u30df\u30c3\u30af\u8fb2\u6cd5 - Vinarstvo Bati\u010d","description":"\u300c\u7406\u60f3\u7684\u306a\u8fb2\u5834\u306f\u305d\u308c\u81ea\u8eab\u3067\u5b8c\u6210\u3057\u305f\u500b\u4f53\u3067\u3042\u308b\u300d\u3068\u3044\u3046\u30b7\u30e5\u30bf\u30a4\u30ca\u30fc\u306e\u601d\u60f3\u306b\u57fa\u3065\u304d\u3001\u5916\u90e8\u304b\u3089\u80a5\u6599\u3092\u65bd\u3059\u3053\u3068\u3092\u826f\u3057\u3068\u305b\u305a[2]\u3001\u7406\u60f3\u7684\u306b\u306f\u8fb2\u5834\u304c\u751f\u614b\u7cfb\u3068\u3057\u3066\u9589\u9396\u7cfb\u3067\u3042\u308b\u3053\u3068\u3092\u76ee\u6307\u3059\u3002\u3053\u308c\u306f\u3001\u5f53\u6642\u6210\u7acb\u3057\u3064\u3064\u3042\u3063\u305f\u751f\u614b\u5b66\u3084\u793e\u4f1a\u5b66\u306e\u6709\u6a5f\u4f53\u8ad6\u3068\u306e\u95a2\u4fc2\u304c\u6307\u6458\u3055\u308c\u3066\u3044\u308b\u3002\u795e\u667a\u4e3b\u7fa9\u306e\u6709\u6a5f\u683d\u57f9\u5b9f\u8df5\u5bb6\u306b\u6709\u6a5f\u683d\u57f9\u306e\u795e\u667a\u5b66\u7684\u306a\u57fa\u790e\u4ed8\u3051\u3092\u6c42\u3081\u3089\u308c\u305f"},"footnotes":""},"class_list":["post-6533","page","type-page","status-publish","has-post-thumbnail","hentry"],"acf":[],"_links":{"self":[{"href":"https:\/\/www.batic.si\/ja\/wp-json\/wp\/v2\/pages\/6533","targetHints":{"allow":["GET"]}}],"collection":[{"href":"https:\/\/www.batic.si\/ja\/wp-json\/wp\/v2\/pages"}],"about":[{"href":"https:\/\/www.batic.si\/ja\/wp-json\/wp\/v2\/types\/page"}],"author":[{"embeddable":true,"href":"https:\/\/www.batic.si\/ja\/wp-json\/wp\/v2\/users\/1"}],"replies":[{"embeddable":true,"href":"https:\/\/www.batic.si\/ja\/wp-json\/wp\/v2\/comments?post=6533"}],"version-history":[{"count":3,"href":"https:\/\/www.batic.si\/ja\/wp-json\/wp\/v2\/pages\/6533\/revisions"}],"predecessor-version":[{"id":7844,"href":"https:\/\/www.batic.si\/ja\/wp-json\/wp\/v2\/pages\/6533\/revisions\/7844"}],"up":[{"embeddable":true,"href":"https:\/\/www.batic.si\/ja\/wp-json\/wp\/v2\/pages\/6409"}],"wp:featuredmedia":[{"embeddable":true,"href":"https:\/\/www.batic.si\/ja\/wp-json\/wp\/v2\/media\/6396"}],"wp:attachment":[{"href":"https:\/\/www.batic.si\/ja\/wp-json\/wp\/v2\/media?parent=6533"}],"curies":[{"name":"wp","href":"https:\/\/api.w.org\/{rel}","templated":true}]}}