{"id":6403,"date":"2023-02-26T17:34:54","date_gmt":"2023-02-26T16:34:54","guid":{"rendered":"https:\/\/www.batic.si\/?page_id=6403"},"modified":"2023-08-05T13:03:45","modified_gmt":"2023-08-05T11:03:45","slug":"history","status":"publish","type":"page","link":"https:\/\/www.batic.si\/ja\/family\/history\/","title":{"rendered":"\u6b74\u53f2"},"content":{"rendered":"\n<figure class=\"wp-block-image size-large\"><img loading=\"lazy\" decoding=\"async\" width=\"1200\" height=\"825\" src=\"https:\/\/www.batic.si\/wp-content\/uploads\/2023\/03\/volilci-1200x825.jpg\" alt=\"\" class=\"wp-image-1229\" srcset=\"https:\/\/www.batic.si\/wp-content\/uploads\/2023\/03\/volilci-1200x825.jpg 1200w, https:\/\/www.batic.si\/wp-content\/uploads\/2023\/03\/volilci-400x275.jpg 400w, https:\/\/www.batic.si\/wp-content\/uploads\/2023\/03\/volilci-768x528.jpg 768w, https:\/\/www.batic.si\/wp-content\/uploads\/2023\/03\/volilci.jpg 1862w\" sizes=\"auto, (max-width: 1200px) 100vw, 1200px\" \/><\/figure>\n\n\n\n<p>\u300cBATI\u010c Since 1592\u300d\u306e\u9298\u306f\u3001\u201dBATI\u010c\u201d\u306e\u8d77\u6e90\u304c\u3001\u897f\u66a61592\u5e74\u3001\u30eb\u30cd\u30b5\u30f3\u30b9\u671f\u306b\u9061\u308b\u3053\u3068\u3092\u4f1d\u3048\u3066\u3044\u307e\u3059\u3002 \u6700\u521d\u306eBati\u010d\u30ef\u30a4\u30f3\u306f\u300116\u4e16\u7d00\u306b \u0160empas\u306eBati\u010d\u5bb6\u306e\u9818\u5730\u306e\u4e00\u753b\u306b\u66ae\u3057\u3066\u3044\u305f\u3001\u4fee\u9053\u58eb\u9054\u306b\u3088\u3063\u3066\u8a95\u751f\u81f4\u3057\u307e\u3057\u305f\u3002 \u30b9\u30ed\u30d9\u30cb\u30a2\u306e\u6587\u5316\u306e\u62c5\u3044\u624b \u3067\u3042\u3063\u305f\u5f7c\u3089\u304c\u3001\u8056\u9910\u5f0f\u306e\u305f\u3081\u306b\u9020\u308a\u51fa\u3057\u305f\u30ef\u30a4\u30f3\u304c\u305d\u306e\u8d77\u6e90\u306a\u306e\u3067\u3059\u3002 \u4fee\u9053\u58eb\u9054\u306f\u3001\u571f\u3068\u81ea\u7136\u306e\u5468\u671f\u306e\u77e5\u8b58\u3092\u6d3b\u304b\u3057\u305f\u4f1d\u627f\u306e\u30d6\u30c9\u30a6\u683d\u57f9\u6cd5\u306b \u3088\u3063\u3066\u3001\u512a\u308c\u305f\u54c1\u8cea\u306e\u30ef\u30a4\u30f3\u3092\u3082\u305f\u3089\u3057\u307e\u3057\u305f\u3002 \u73fe\u5728\u306f\u3001Bati\u010d\u9818\u5730\u5185\u306b\u4fee\u9053\u58eb\u9054\u304c\u66ae\u3089\u3057\u305f\u3053\u3068\u3092\u7aba\u308f\u305b\u308b\u3082\u306e\u306f\u307b\u3068\u3093\u3069\u6b8b\u3063\u3066\u3044\u307e\u305b\u3093\u3002\u5c4b\u6577\u5185\u306e\u58c1\u753b\u306f\u8584\u308c\u3066\u6d88\u3048\u304b\u304b\u3063\u3066\u3044\u307e\u3059\u3057\u3001\u4fee\u9053 \u58eb\u9054\u306e\u540d\u524d\u3082\u3044\u3064\u306e\u9593\u306b\u304b\u5fd8\u308c\u53bb\u3089\u308c\u307e\u3057\u305f\u3002 \u9818\u5730\u5185\u306eSt.Rok\u30c1\u30e3\u30da\u30eb\u8de1\u5730\u3082\u3001\u3044\u3064\u3054\u308d\u8ab0\u304c\u690d\u3048\u305f\u306e\u304b\u3001\u4eca\u3067\u306f\u898b\u4e8b\u306b\u4f38\u3073\u305f\u8526\u304c\u3001\u8fba\u308a\u3092\u3059 \u3063\u304b\u308a\u8986\u3044\u5c3d\u304f\u3057\u3066\u3044\u307e\u3059\u3002 \u3057\u304b\u3057\u3001\u3053\u3053\u306b\u304b\u3064\u3066\u8a87\u308a\u9ad8\u3044\u4fee\u9053\u58eb\u9054\u304c\u4f4f\u3093\u3067\u3044\u305f\u3053\u3068\u3092\u4f1d\u3048\u308b\u3001\u552f\u4e00\u306e\u73fe\u5b58\u3059\u308b\u907a\u7523\u304c\u3042\u308b\u306e\u3067\u3059\u3002\u305d\u308c\u304c\u3001Bati\u010d\u5bb6\u306b\u4f1d\u308f\u308b\u9ad8\u54c1\u8cea\u306e\u30ef\u30a4\u30f3 \u3067\u3059\u3002 Bati\u010d\u30ef\u30a4\u30f3\u306f\u3001\u0160empas\u5730\u65b9\u306b\u4f4f\u3093\u3060\u4fee\u9053\u58eb\u9054\u306e\u30ef\u30a4\u30f3\u9020\u308a\u306e\u4f1d\u7d71\u3092\u3001400\u5e74\u4ee5\u4e0a\u306e\u6b73\u6708\u3092\u8d85\u3048\u3066\u3001\u4eca\u65e5\u307e\u3067\u3001Bati\u010d\u5bb6\u304c\u4ee3\u3005\u7d99\u627f\u3057\u3066\u304d\u305f \u3082\u306e\u3067\u3059\u3002 \u300cBATI\u010c Since 1592\u300d\u306e\u30d6\u30e9\u30f3\u30c9\u9298\u306f\u3001\u4fee\u9053\u58eb\u9054\u3078\u306e\u30aa\u30de\u30fc\u30b8\u30e5\u3067\u3042\u308b\u3068\u3068\u3082\u306b\u3001Bati\u010d\u30ef\u30a4\u30f3\u304c\u5f7c\u3089\u306e\u907a\u7523\u3092\u7d99\u627f\u3057\u3066\u3044\u308b\u3068\u3044\u3046\u3001\u6211\u304c\u5bb6\u306e\u8a87\u308a \u3068\u81ea\u8ca0\u3092\u8a9e\u308b\u3082\u306e\u306a\u306e\u3067\u3059\u3002<\/p>\n\n\n\n<figure class=\"wp-block-image size-large is-resized\"><img loading=\"lazy\" decoding=\"async\" src=\"https:\/\/www.batic.si\/wp-content\/uploads\/2023\/05\/trgovci-z-filter2-1186x1200.jpg\" alt=\"\" class=\"wp-image-2576\" width=\"960\" height=\"971\" srcset=\"https:\/\/www.batic.si\/wp-content\/uploads\/2023\/05\/trgovci-z-filter2-1186x1200.jpg 1186w, https:\/\/www.batic.si\/wp-content\/uploads\/2023\/05\/trgovci-z-filter2-395x400.jpg 395w, https:\/\/www.batic.si\/wp-content\/uploads\/2023\/05\/trgovci-z-filter2-768x777.jpg 768w, https:\/\/www.batic.si\/wp-content\/uploads\/2023\/05\/trgovci-z-filter2.jpg 1265w\" sizes=\"auto, (max-width: 960px) 100vw, 960px\" \/><figcaption class=\"wp-element-caption\">Ro\u010dni ka\u017eipot po Gori\u0161kem in Gradi\u0161\u010danskem for the year 1899<\/figcaption><\/figure>\n\n\n\n<p><\/p>\n\n\n\n<p><\/p>\n","protected":false},"excerpt":{"rendered":"<p>\u300cBATI\u010c Since 1592\u300d\u306e\u9298\u306f\u3001\u201dB [&hellip;]<\/p>\n","protected":false},"author":1,"featured_media":6361,"parent":6143,"menu_order":0,"comment_status":"closed","ping_status":"closed","template":"","meta":{"_acf_changed":false,"inline_featured_image":false,"slim_seo":{"title":"\u6b74\u53f2 - Vinarstvo Bati\u010d","description":"\u300cBATI\u010c Since 1592\u300d\u306e\u9298\u306f\u3001\u201dBATI\u010c\u201d\u306e\u8d77\u6e90\u304c\u3001\u897f\u66a61592\u5e74\u3001\u30eb\u30cd\u30b5\u30f3\u30b9\u671f\u306b\u9061\u308b\u3053\u3068\u3092\u4f1d\u3048\u3066\u3044\u307e\u3059\u3002 \u6700\u521d\u306eBati\u010d\u30ef\u30a4\u30f3\u306f\u300116\u4e16\u7d00\u306b \u0160empas\u306eBati\u010d\u5bb6\u306e\u9818\u5730\u306e\u4e00\u753b\u306b\u66ae\u3057\u3066\u3044\u305f\u3001\u4fee\u9053\u58eb\u9054\u306b\u3088\u3063\u3066\u8a95\u751f\u81f4\u3057\u307e\u3057\u305f\u3002 \u30b9\u30ed\u30d9\u30cb\u30a2\u306e\u6587\u5316\u306e\u62c5\u3044\u624b \u3067\u3042\u3063\u305f\u5f7c\u3089\u304c\u3001\u8056\u9910\u5f0f\u306e\u305f\u3081\u306b\u9020\u308a\u51fa\u3057\u305f\u30ef\u30a4\u30f3"},"footnotes":""},"class_list":["post-6403","page","type-page","status-publish","has-post-thumbnail","hentry"],"acf":[],"_links":{"self":[{"href":"https:\/\/www.batic.si\/ja\/wp-json\/wp\/v2\/pages\/6403","targetHints":{"allow":["GET"]}}],"collection":[{"href":"https:\/\/www.batic.si\/ja\/wp-json\/wp\/v2\/pages"}],"about":[{"href":"https:\/\/www.batic.si\/ja\/wp-json\/wp\/v2\/types\/page"}],"author":[{"embeddable":true,"href":"https:\/\/www.batic.si\/ja\/wp-json\/wp\/v2\/users\/1"}],"replies":[{"embeddable":true,"href":"https:\/\/www.batic.si\/ja\/wp-json\/wp\/v2\/comments?post=6403"}],"version-history":[{"count":2,"href":"https:\/\/www.batic.si\/ja\/wp-json\/wp\/v2\/pages\/6403\/revisions"}],"predecessor-version":[{"id":6955,"href":"https:\/\/www.batic.si\/ja\/wp-json\/wp\/v2\/pages\/6403\/revisions\/6955"}],"up":[{"embeddable":true,"href":"https:\/\/www.batic.si\/ja\/wp-json\/wp\/v2\/pages\/6143"}],"wp:featuredmedia":[{"embeddable":true,"href":"https:\/\/www.batic.si\/ja\/wp-json\/wp\/v2\/media\/6361"}],"wp:attachment":[{"href":"https:\/\/www.batic.si\/ja\/wp-json\/wp\/v2\/media?parent=6403"}],"curies":[{"name":"wp","href":"https:\/\/api.w.org\/{rel}","templated":true}]}}