{"id":4967,"date":"2023-02-26T17:38:15","date_gmt":"2023-02-26T16:38:15","guid":{"rendered":"https:\/\/www.batic.si\/?page_id=4967"},"modified":"2023-06-28T11:08:38","modified_gmt":"2023-06-28T09:08:38","slug":"clima","status":"publish","type":"page","link":"https:\/\/www.batic.si\/it\/vipava\/clima\/","title":{"rendered":"Clima"},"content":{"rendered":"\n<p><\/p>\n\n\n\n<p>La regione del Vipava si trova sul crocevia tra il clima mediterraneo, alpino e continentale, quindi i vigneti sono circondati da giornate calde e notti relativamente fresche. La regione del Vipava \u00e8 la pi\u00f9 ventosa della Slovenia. Le grandi escursioni di temperatura portano delle brezze costanti che riducono l\u2019insorgenza delle malattie nei vigneti creando, in tal modo, quelle condizioni uniche per sviluppare un&#8217;agricoltura ecologica e biodinamica.<\/p>\n\n\n\n<p>Una caratteristica importante della regione del Vipava, che influenza tutta la vita in quest\u2019area, \u00e8 l&#8217;apertura della valle solo verso l\u2019occidente. L&#8217;influenza del clima mediterraneo penetra da questa direzione e, pertanto, \u00a0il periodo vegetativo \u00e8 due mesi pi\u00f9 lungo rispetto alla Slovenia centrale. Ci\u00f2 consente la crescita e la coltivazione di specie vegetali tipiche del Mediterraneo e di altre specie che richiedono molto sole e calore. L&#8217;intreccio di influenze mediterranee e continentali si riflette anche nella variet\u00e0 delle specie vegetali, infatti la regione del Vipava ospita il maggior numero di vitigni autoctoni della Slovenia.<\/p>\n\n\n\n<figure class=\"wp-block-image size-large\"><img loading=\"lazy\" decoding=\"async\" width=\"1200\" height=\"800\" src=\"https:\/\/www.batic.si\/wp-content\/uploads\/2023\/03\/batic-smihel-1200x800.jpg\" alt=\"\" class=\"wp-image-1272\" srcset=\"https:\/\/www.batic.si\/wp-content\/uploads\/2023\/03\/batic-smihel-1200x800.jpg 1200w, https:\/\/www.batic.si\/wp-content\/uploads\/2023\/03\/batic-smihel-400x267.jpg 400w, https:\/\/www.batic.si\/wp-content\/uploads\/2023\/03\/batic-smihel-768x512.jpg 768w, https:\/\/www.batic.si\/wp-content\/uploads\/2023\/03\/batic-smihel.jpg 1920w\" sizes=\"auto, (max-width: 1200px) 100vw, 1200px\" \/><figcaption class=\"wp-element-caption\">La termica sopra il vigneto \u0160mihel Livi\u0161\u010de Merlot<\/figcaption><\/figure>\n\n\n\n<p><\/p>\n\n\n\n<blockquote class=\"wp-block-quote has-text-align-center is-layout-flow wp-block-quote-is-layout-flow\">\n<p class=\"has-text-align-center\">\u201cSe la terra dona sapore al vino, \u00e8 il cielo a dargli vitalit\u00e0.\u201d<\/p>\n<cite>Miha Bati\u010d<\/cite><\/blockquote>\n\n\n\n<p><\/p>\n","protected":false},"excerpt":{"rendered":"<p>La regione del Vipava si trova sul crocevia tra il clima mediterraneo, alpino e continentale, quindi i vigneti sono circondati da giornate calde e [&hellip;]<\/p>\n","protected":false},"author":1,"featured_media":7403,"parent":4964,"menu_order":0,"comment_status":"closed","ping_status":"closed","template":"","meta":{"_acf_changed":false,"inline_featured_image":false,"slim_seo":{"title":"Clima - Vinarstvo Bati\u010d","description":"La regione del Vipava si trova sul crocevia tra il clima mediterraneo, alpino e continentale, quindi i vigneti sono circondati da giornate calde e notti relativ"},"footnotes":""},"class_list":["post-4967","page","type-page","status-publish","has-post-thumbnail","hentry"],"acf":[],"_links":{"self":[{"href":"https:\/\/www.batic.si\/it\/wp-json\/wp\/v2\/pages\/4967","targetHints":{"allow":["GET"]}}],"collection":[{"href":"https:\/\/www.batic.si\/it\/wp-json\/wp\/v2\/pages"}],"about":[{"href":"https:\/\/www.batic.si\/it\/wp-json\/wp\/v2\/types\/page"}],"author":[{"embeddable":true,"href":"https:\/\/www.batic.si\/it\/wp-json\/wp\/v2\/users\/1"}],"replies":[{"embeddable":true,"href":"https:\/\/www.batic.si\/it\/wp-json\/wp\/v2\/comments?post=4967"}],"version-history":[{"count":4,"href":"https:\/\/www.batic.si\/it\/wp-json\/wp\/v2\/pages\/4967\/revisions"}],"predecessor-version":[{"id":5042,"href":"https:\/\/www.batic.si\/it\/wp-json\/wp\/v2\/pages\/4967\/revisions\/5042"}],"up":[{"embeddable":true,"href":"https:\/\/www.batic.si\/it\/wp-json\/wp\/v2\/pages\/4964"}],"wp:featuredmedia":[{"embeddable":true,"href":"https:\/\/www.batic.si\/it\/wp-json\/wp\/v2\/media\/7403"}],"wp:attachment":[{"href":"https:\/\/www.batic.si\/it\/wp-json\/wp\/v2\/media?parent=4967"}],"curies":[{"name":"wp","href":"https:\/\/api.w.org\/{rel}","templated":true}]}}