{"id":4960,"date":"2023-03-14T12:13:16","date_gmt":"2023-03-14T11:13:16","guid":{"rendered":"https:\/\/www.batic.si\/?page_id=4960"},"modified":"2023-06-28T13:11:21","modified_gmt":"2023-06-28T11:11:21","slug":"prsjakovo","status":"publish","type":"page","link":"https:\/\/www.batic.si\/it\/vigneti\/prsjakovo\/","title":{"rendered":"Pr\u0161jakovo"},"content":{"rendered":"\n<p><strong><strong>Dimensioni:\u00a0<\/strong><\/strong>1,88ha\/15.000 ceppi<strong><br><strong>Tipo di terreno:<\/strong><\/strong> argilla mista ad arenaria<strong><br><strong>Altitudine:<\/strong><\/strong> 94m-86.6m<strong><br>Esposizione:<\/strong> altopiato<strong><br><strong><strong>Variet\u00e0:\u00a0<\/strong><\/strong><\/strong>Merlot \u00e8 Cabernet Sauvignon<strong><br><strong>Anno dell\u2019impianto del vigneto:<\/strong>\u00a0<\/strong> 2005<strong><br><strong><strong>Modo di impianto:<\/strong>\u00a0<\/strong><\/strong>1,2m x 1m<\/p>\n\n\n\n<figure class=\"wp-block-image size-large\"><img loading=\"lazy\" decoding=\"async\" width=\"1200\" height=\"800\" src=\"https:\/\/www.batic.si\/wp-content\/uploads\/2023\/03\/batic-prsjakovo-2-1-1200x800.jpg\" alt=\"\" class=\"wp-image-963\" srcset=\"https:\/\/www.batic.si\/wp-content\/uploads\/2023\/03\/batic-prsjakovo-2-1-1200x800.jpg 1200w, https:\/\/www.batic.si\/wp-content\/uploads\/2023\/03\/batic-prsjakovo-2-1-400x267.jpg 400w, https:\/\/www.batic.si\/wp-content\/uploads\/2023\/03\/batic-prsjakovo-2-1-768x512.jpg 768w, https:\/\/www.batic.si\/wp-content\/uploads\/2023\/03\/batic-prsjakovo-2-1.jpg 1616w\" sizes=\"auto, (max-width: 1200px) 100vw, 1200px\" \/><\/figure>\n\n\n\n<p><strong>Pr\u0161jakovo<\/strong><\/p>\n\n\n\n<p>Questo \u00e8 un vigneto fitto di ceppi che si trova proprio sotto la nostra tenuta. In esso, mio padre ha piantato la maggior parte del Cabernet Sauvignon, un po&#8217; di Merlot e qualche altra vite di Moscato, giusto per togliersi qualche sfizio a tavola verso fine novembre. Il vigneto si trova in pianura. Sul versante settentrionale si innalzano le pittoresche pareti ripide, prevalentemente calcaree, delle pendici meridionali della Selva di Tarnova. La dinamica delle giornate calde e delle notti fresche nell&#8217;uva conserva un&#8217;elevata aromaticit\u00e0. Nel vigneto di Pr\u0161jakovo produciamo il Ros\u00e8.<\/p>\n\n\n\n<p><\/p>\n","protected":false},"excerpt":{"rendered":"<p>Dimensioni:\u00a01,88ha\/15.000 ceppiTipo di terreno: argilla mista ad arenariaAltitudine: 94m-86.6mEsposizione: altopiatoVariet\u00e0:\u00a0Merlot \u00e8 Cabernet SauvignonAnno dell\u2019impianto del vigneto:\u00a0 2005Modo di impianto:\u00a01,2m x 1m Pr\u0161jakovo Questo \u00e8 [&hellip;]<\/p>\n","protected":false},"author":1,"featured_media":3542,"parent":4932,"menu_order":13,"comment_status":"closed","ping_status":"closed","template":"","meta":{"_acf_changed":false,"inline_featured_image":false,"slim_seo":{"title":"Pr\u0161jakovo - Vinarstvo Bati\u010d","description":"Dimensioni:\u00a0 1,88ha\/15.000 ceppi Tipo di terreno: argilla mista ad arenaria Altitudine: 94m - 86.6m Esposizione: altopiato Variet\u00e0:\u00a0 Merlot \u00e8 Cabernet Sauvignon"},"footnotes":""},"class_list":["post-4960","page","type-page","status-publish","has-post-thumbnail","hentry"],"acf":[],"_links":{"self":[{"href":"https:\/\/www.batic.si\/it\/wp-json\/wp\/v2\/pages\/4960","targetHints":{"allow":["GET"]}}],"collection":[{"href":"https:\/\/www.batic.si\/it\/wp-json\/wp\/v2\/pages"}],"about":[{"href":"https:\/\/www.batic.si\/it\/wp-json\/wp\/v2\/types\/page"}],"author":[{"embeddable":true,"href":"https:\/\/www.batic.si\/it\/wp-json\/wp\/v2\/users\/1"}],"replies":[{"embeddable":true,"href":"https:\/\/www.batic.si\/it\/wp-json\/wp\/v2\/comments?post=4960"}],"version-history":[{"count":3,"href":"https:\/\/www.batic.si\/it\/wp-json\/wp\/v2\/pages\/4960\/revisions"}],"predecessor-version":[{"id":5099,"href":"https:\/\/www.batic.si\/it\/wp-json\/wp\/v2\/pages\/4960\/revisions\/5099"}],"up":[{"embeddable":true,"href":"https:\/\/www.batic.si\/it\/wp-json\/wp\/v2\/pages\/4932"}],"wp:featuredmedia":[{"embeddable":true,"href":"https:\/\/www.batic.si\/it\/wp-json\/wp\/v2\/media\/3542"}],"wp:attachment":[{"href":"https:\/\/www.batic.si\/it\/wp-json\/wp\/v2\/media?parent=4960"}],"curies":[{"name":"wp","href":"https:\/\/api.w.org\/{rel}","templated":true}]}}