{"id":4956,"date":"2023-03-14T12:12:37","date_gmt":"2023-03-14T11:12:37","guid":{"rendered":"https:\/\/www.batic.si\/?page_id=4956"},"modified":"2023-06-28T13:12:14","modified_gmt":"2023-06-28T11:12:14","slug":"mali-dunaj","status":"publish","type":"page","link":"https:\/\/www.batic.si\/it\/vigneti\/mali-dunaj\/","title":{"rendered":"Mali Dunaj"},"content":{"rendered":"\n<p><strong><strong>Dimensioni:<\/strong> <\/strong>3,39ha\/35.000 ceppi<strong><br><strong><strong>Tipo di terreno:<\/strong><\/strong><\/strong> la parte principale del vigneto \u00e8 marna. Il terrazzo 3\/9 da sinistra \u00e8 serina mista a marne.<strong><br>Altitudine:\u00a0<\/strong>85,9m &#8211; 66,7m<strong><br><strong>Variet\u00e0:\u00a0<\/strong><\/strong>Pinela, Rebula, Sauvignon, Cabernet Sauvignon, Chardonnay, Merlot <strong><br><strong><strong>Anno dell\u2019impianto del vigneto:<\/strong>\u00a0<\/strong><\/strong>1998\/1999 \/2008<strong><br><strong><strong>Modo di impianto:<\/strong>\u00a0<\/strong> <\/strong>1,2m x 0,7m<\/p>\n\n\n\n<figure class=\"wp-block-image size-large\"><img loading=\"lazy\" decoding=\"async\" width=\"1200\" height=\"800\" src=\"https:\/\/www.batic.si\/wp-content\/uploads\/2023\/03\/batic-mali-dunaj-2-1-1200x800.jpg\" alt=\"\" class=\"wp-image-1035\" srcset=\"https:\/\/www.batic.si\/wp-content\/uploads\/2023\/03\/batic-mali-dunaj-2-1-1200x800.jpg 1200w, https:\/\/www.batic.si\/wp-content\/uploads\/2023\/03\/batic-mali-dunaj-2-1-400x267.jpg 400w, https:\/\/www.batic.si\/wp-content\/uploads\/2023\/03\/batic-mali-dunaj-2-1-768x512.jpg 768w, https:\/\/www.batic.si\/wp-content\/uploads\/2023\/03\/batic-mali-dunaj-2-1.jpg 1920w\" sizes=\"auto, (max-width: 1200px) 100vw, 1200px\" \/><\/figure>\n\n\n\n<p><strong>Mali Dunaj<\/strong><\/p>\n\n\n\n<p>Nella preparazione del suolo per il vigneto, in alcuni punti \u00e8 stato necessario rimuovere fino a 8 metri di strato superiore del substrato carsico per arrivare fino allo strato sottostante in argilla. Sono passati diversi anni prima che facessimo rivivere questa vacuit\u00e0 usando terricciato e concime verde. Questo \u00e8 stato il primo vigneto dell\u2019azienda Bati\u010d, impiantato con una larghezza interfilare di 1,2 m e una densit\u00e0 di oltre 10.000 ceppi\/ha. Questo metodo di impianto non \u00e8 il frutto delle nostre idee, ma piuttosto una rinascita del tradizionale vigneto della regione del Vipava, che \u00e8 stato completamente abbandonato a causa degli altissimi costi di coltivazione. La qualit\u00e0 delle uve di questo vigneto ha fatto s\u00ec che questo metodo di impianto diventasse la nostra costante in quasi tutti i vigneti successivi.<\/p>\n","protected":false},"excerpt":{"rendered":"<p>Dimensioni: 3,39ha\/35.000 ceppiTipo di terreno: la parte principale del vigneto \u00e8 marna. Il terrazzo 3\/9 da sinistra \u00e8 serina mista a marne.Altitudine:\u00a085,9m &#8211; 66,7mVariet\u00e0:\u00a0Pinela, [&hellip;]<\/p>\n","protected":false},"author":1,"featured_media":3870,"parent":4932,"menu_order":11,"comment_status":"closed","ping_status":"closed","template":"","meta":{"_acf_changed":false,"inline_featured_image":false,"slim_seo":{"title":"Mali Dunaj - Vinarstvo Bati\u010d","description":"Dimensioni: 3,39ha\/35.000 ceppi Tipo di terreno: la parte principale del vigneto \u00e8 marna. Il terrazzo 3\/9 da sinistra \u00e8 serina mista a marne. Altitudine:\u00a0 85,9m"},"footnotes":""},"class_list":["post-4956","page","type-page","status-publish","has-post-thumbnail","hentry"],"acf":[],"_links":{"self":[{"href":"https:\/\/www.batic.si\/it\/wp-json\/wp\/v2\/pages\/4956","targetHints":{"allow":["GET"]}}],"collection":[{"href":"https:\/\/www.batic.si\/it\/wp-json\/wp\/v2\/pages"}],"about":[{"href":"https:\/\/www.batic.si\/it\/wp-json\/wp\/v2\/types\/page"}],"author":[{"embeddable":true,"href":"https:\/\/www.batic.si\/it\/wp-json\/wp\/v2\/users\/1"}],"replies":[{"embeddable":true,"href":"https:\/\/www.batic.si\/it\/wp-json\/wp\/v2\/comments?post=4956"}],"version-history":[{"count":4,"href":"https:\/\/www.batic.si\/it\/wp-json\/wp\/v2\/pages\/4956\/revisions"}],"predecessor-version":[{"id":5102,"href":"https:\/\/www.batic.si\/it\/wp-json\/wp\/v2\/pages\/4956\/revisions\/5102"}],"up":[{"embeddable":true,"href":"https:\/\/www.batic.si\/it\/wp-json\/wp\/v2\/pages\/4932"}],"wp:featuredmedia":[{"embeddable":true,"href":"https:\/\/www.batic.si\/it\/wp-json\/wp\/v2\/media\/3870"}],"wp:attachment":[{"href":"https:\/\/www.batic.si\/it\/wp-json\/wp\/v2\/media?parent=4956"}],"curies":[{"name":"wp","href":"https:\/\/api.w.org\/{rel}","templated":true}]}}