{"id":4954,"date":"2023-03-14T12:14:42","date_gmt":"2023-03-14T11:14:42","guid":{"rendered":"https:\/\/www.batic.si\/?page_id=4954"},"modified":"2023-06-28T16:21:05","modified_gmt":"2023-06-28T14:21:05","slug":"livisce","status":"publish","type":"page","link":"https:\/\/www.batic.si\/it\/vigneti\/livisce\/","title":{"rendered":"Livi\u0161\u010de"},"content":{"rendered":"\n<p><strong><strong>Dimensioni:<\/strong> <\/strong>17,2 ha\/59.000 ceppi<strong><br>Esposizione:  <\/strong>sud 65%, sud &#8211; ovest 20%, sud &#8211; est 15%<strong><br><strong>Altitudine:<\/strong> <\/strong>186,7m-74m<strong><br><strong>Tipo di terreno:<\/strong><\/strong> dove crescono Ribola e l. Il Riesling Italico \u00e8 la marna, la parte bassa del vigneto, dove crescono Merlot e Malvasia, e la marna si trasforma in argilla.<br><strong><strong>Variet\u00e0:<\/strong> <\/strong>Riesling Italico, Malvazija, Rebula, Merlot<strong><br><strong>Anno dell\u2019impianto del vigneto:\u00a0<\/strong><\/strong>1988\/1889\/1992\/2005<strong><br>Modo di impianto: <\/strong>1.5m x 3m\/ 1,5m x 2,8m\/ 1m x 2.4m<\/p>\n\n\n\n<figure class=\"wp-block-image size-large\"><img loading=\"lazy\" decoding=\"async\" width=\"1200\" height=\"800\" src=\"https:\/\/www.batic.si\/wp-content\/uploads\/2023\/03\/batic-livisce-1200x800.jpg\" alt=\"\" class=\"wp-image-985\" srcset=\"https:\/\/www.batic.si\/wp-content\/uploads\/2023\/03\/batic-livisce-1200x800.jpg 1200w, https:\/\/www.batic.si\/wp-content\/uploads\/2023\/03\/batic-livisce-400x267.jpg 400w, https:\/\/www.batic.si\/wp-content\/uploads\/2023\/03\/batic-livisce-768x512.jpg 768w, https:\/\/www.batic.si\/wp-content\/uploads\/2023\/03\/batic-livisce.jpg 1920w\" sizes=\"auto, (max-width: 1200px) 100vw, 1200px\" \/><figcaption class=\"wp-element-caption\">Livi\u0161\u010de Merlot<\/figcaption><\/figure>\n\n\n\n<p><\/p>\n\n\n\n<p><strong>Livi\u0161\u010de<\/strong><\/p>\n\n\n\n<p>Livi\u0161\u010de \u00e8 un vasto vigneto che per due secoli \u00e8 stato di propriet\u00e0 della nobile famiglia De Zuccatto. Durante il periodo della Jugoslavia, le cantine cooperative erano un orgoglio per lo Stato e, con la nazionalizzazione dei terreni agricoli, \u00e8 stata acquisita la maggior parte dei migliori vigneti della nostra regione. La stessa sorte \u00e8 toccata anche al vigneto Livi\u0161\u010de. Con l\u2019indipendenza della Slovenia, invece, la storia \u00e8 cambiata e oggi, su Livi\u0161\u010de, si producono i vini Bati\u010d. Il terreno argilloso e marnoso ai piedi della pista di atterraggio di Lijak, l&#8217;esposizione del vigneto a sud e sud-ovest e il microclima estremamente arioso hanno fatto da guida agli antenati per la scelta del vitigno pi\u00f9 adatto, il Merlot. Anche noi abbiamo voluto seguire quest\u2019idea e ancora oggi siamo impegnati nell&#8217;agricoltura della stessa variet\u00e0. Il Merlot, la variet\u00e0 per eccellenza della regione del Vipava, coltivata su questa terra produce spesso i vini Angel.<\/p>\n\n\n\n<p><\/p>\n\n\n\n<p><\/p>\n","protected":false},"excerpt":{"rendered":"<p>Dimensioni: 17,2 ha\/59.000 ceppiEsposizione: sud 65%, sud &#8211; ovest 20%, sud &#8211; est 15%Altitudine: 186,7m-74mTipo di terreno: dove crescono Ribola e l. Il Riesling [&hellip;]<\/p>\n","protected":false},"author":1,"featured_media":3544,"parent":4932,"menu_order":10,"comment_status":"closed","ping_status":"closed","template":"","meta":{"_acf_changed":false,"inline_featured_image":false,"slim_seo":{"title":"Livi\u0161\u010de - Vinarstvo Bati\u010d","description":"Dimensioni: 17,2 ha\/59.000 ceppi Esposizione: sud 65%, sud - ovest 20%, sud - est 15% Altitudine: 186,7m - 74m Tipo di terreno: dove crescono Ribola e l. Il Rie"},"footnotes":""},"class_list":["post-4954","page","type-page","status-publish","has-post-thumbnail","hentry"],"acf":[],"_links":{"self":[{"href":"https:\/\/www.batic.si\/it\/wp-json\/wp\/v2\/pages\/4954","targetHints":{"allow":["GET"]}}],"collection":[{"href":"https:\/\/www.batic.si\/it\/wp-json\/wp\/v2\/pages"}],"about":[{"href":"https:\/\/www.batic.si\/it\/wp-json\/wp\/v2\/types\/page"}],"author":[{"embeddable":true,"href":"https:\/\/www.batic.si\/it\/wp-json\/wp\/v2\/users\/1"}],"replies":[{"embeddable":true,"href":"https:\/\/www.batic.si\/it\/wp-json\/wp\/v2\/comments?post=4954"}],"version-history":[{"count":8,"href":"https:\/\/www.batic.si\/it\/wp-json\/wp\/v2\/pages\/4954\/revisions"}],"predecessor-version":[{"id":5155,"href":"https:\/\/www.batic.si\/it\/wp-json\/wp\/v2\/pages\/4954\/revisions\/5155"}],"up":[{"embeddable":true,"href":"https:\/\/www.batic.si\/it\/wp-json\/wp\/v2\/pages\/4932"}],"wp:featuredmedia":[{"embeddable":true,"href":"https:\/\/www.batic.si\/it\/wp-json\/wp\/v2\/media\/3544"}],"wp:attachment":[{"href":"https:\/\/www.batic.si\/it\/wp-json\/wp\/v2\/media?parent=4954"}],"curies":[{"name":"wp","href":"https:\/\/api.w.org\/{rel}","templated":true}]}}