{"id":4952,"date":"2023-03-14T12:11:57","date_gmt":"2023-03-14T11:11:57","guid":{"rendered":"https:\/\/www.batic.si\/?page_id=4952"},"modified":"2023-06-28T13:13:33","modified_gmt":"2023-06-28T11:13:33","slug":"koladovca","status":"publish","type":"page","link":"https:\/\/www.batic.si\/it\/vigneti\/koladovca\/","title":{"rendered":"Koladovca"},"content":{"rendered":"\n<p><strong><strong>Dimensioni:<\/strong> <\/strong>4,17ha\/21.300 ceppi<strong><br><strong>Altitudine:\u00a0<\/strong><\/strong>120m-85m<strong><br><strong>Esposizione:\u00a0<\/strong><\/strong>sud<strong><br><strong>Tipo di terreno:\u00a0<\/strong> <\/strong>ponca\/ argilla<strong><br><strong>Variet\u00e0:\u00a0<\/strong><\/strong>Cabernet Sauvignon<strong><br><strong>Anno dell\u2019impianto del vigneto:\u00a0<\/strong> <\/strong>2003\/2004<strong><br><strong>Modo di impianto:<\/strong><\/strong> 0,80m x 2,4m<\/p>\n\n\n\n<figure class=\"wp-block-image size-large\"><img loading=\"lazy\" decoding=\"async\" width=\"1200\" height=\"800\" src=\"https:\/\/www.batic.si\/wp-content\/uploads\/2023\/03\/batic-koladovca-loke-2-1200x800.jpg\" alt=\"\" class=\"wp-image-1624\" srcset=\"https:\/\/www.batic.si\/wp-content\/uploads\/2023\/03\/batic-koladovca-loke-2-1200x800.jpg 1200w, https:\/\/www.batic.si\/wp-content\/uploads\/2023\/03\/batic-koladovca-loke-2-400x267.jpg 400w, https:\/\/www.batic.si\/wp-content\/uploads\/2023\/03\/batic-koladovca-loke-2-768x512.jpg 768w, https:\/\/www.batic.si\/wp-content\/uploads\/2023\/03\/batic-koladovca-loke-2.jpg 1920w\" sizes=\"auto, (max-width: 1200px) 100vw, 1200px\" \/><\/figure>\n\n\n\n<p><strong>Koladovca<\/strong><\/p>\n\n\n\n<p>Loke \u00e8 il villaggio dove maturano le prime ciliegie della regione del Vipacco. L\u00ec si trova Koladovca, un terreno di 4 ettari. Un vigneto terrazzato, sul versante sud.<\/p>\n\n\n\n<p>Su questo pezzo di terra, la scelta della variet\u00e0 era cos\u00ec evidente. Koladovca \u00e8 interamente impiantato con ceppi di Cabernet Sauvignon. Da questa localit\u00e0 provengono le prime bottiglie del Cabernet Sauvignon Bati\u010d nella sua veste rossa.<\/p>\n\n\n\n<p><\/p>\n","protected":false},"excerpt":{"rendered":"<p>Dimensioni: 4,17ha\/21.300 ceppiAltitudine:\u00a0120m-85mEsposizione:\u00a0sudTipo di terreno:\u00a0 ponca\/ argillaVariet\u00e0:\u00a0Cabernet SauvignonAnno dell\u2019impianto del vigneto:\u00a0 2003\/2004Modo di impianto: 0,80m x 2,4m Koladovca Loke \u00e8 il villaggio dove maturano [&hellip;]<\/p>\n","protected":false},"author":1,"featured_media":3528,"parent":4932,"menu_order":9,"comment_status":"closed","ping_status":"closed","template":"","meta":{"_acf_changed":false,"inline_featured_image":false,"slim_seo":{"title":"Koladovca - Vinarstvo Bati\u010d","description":"Dimensioni: 4,17ha\/21.300 ceppi Altitudine:\u00a0 120m - 85m Esposizione:\u00a0 sud Tipo di terreno:\u00a0 ponca\/ argilla Variet\u00e0:\u00a0 Cabernet Sauvignon Anno dell\u2019impianto del v"},"footnotes":""},"class_list":["post-4952","page","type-page","status-publish","has-post-thumbnail","hentry"],"acf":[],"_links":{"self":[{"href":"https:\/\/www.batic.si\/it\/wp-json\/wp\/v2\/pages\/4952","targetHints":{"allow":["GET"]}}],"collection":[{"href":"https:\/\/www.batic.si\/it\/wp-json\/wp\/v2\/pages"}],"about":[{"href":"https:\/\/www.batic.si\/it\/wp-json\/wp\/v2\/types\/page"}],"author":[{"embeddable":true,"href":"https:\/\/www.batic.si\/it\/wp-json\/wp\/v2\/users\/1"}],"replies":[{"embeddable":true,"href":"https:\/\/www.batic.si\/it\/wp-json\/wp\/v2\/comments?post=4952"}],"version-history":[{"count":4,"href":"https:\/\/www.batic.si\/it\/wp-json\/wp\/v2\/pages\/4952\/revisions"}],"predecessor-version":[{"id":5106,"href":"https:\/\/www.batic.si\/it\/wp-json\/wp\/v2\/pages\/4952\/revisions\/5106"}],"up":[{"embeddable":true,"href":"https:\/\/www.batic.si\/it\/wp-json\/wp\/v2\/pages\/4932"}],"wp:featuredmedia":[{"embeddable":true,"href":"https:\/\/www.batic.si\/it\/wp-json\/wp\/v2\/media\/3528"}],"wp:attachment":[{"href":"https:\/\/www.batic.si\/it\/wp-json\/wp\/v2\/media?parent=4952"}],"curies":[{"name":"wp","href":"https:\/\/api.w.org\/{rel}","templated":true}]}}