{"id":4950,"date":"2023-03-14T11:59:39","date_gmt":"2023-03-14T10:59:39","guid":{"rendered":"https:\/\/www.batic.si\/?page_id=4950"},"modified":"2023-06-28T16:21:28","modified_gmt":"2023-06-28T14:21:28","slug":"jazbine","status":"publish","type":"page","link":"https:\/\/www.batic.si\/it\/vigneti\/jazbine\/","title":{"rendered":"Jazbine"},"content":{"rendered":"\n<p><strong><strong>Dimensioni:<\/strong> <\/strong>2,16 ha\/5.600 ceppi<strong><br><strong>Tipo di terreno:<\/strong> <\/strong>lo strato superiore \u00e8 argilloso, lo strato inferiore \u00e8 marnoso<strong><br>Esposizione: <\/strong>60% altopiano, nord 20%, sud 20%,<strong><br>Altitudine:\u00a0<\/strong>125,7m &#8211; 118,4m<strong><br><strong>Variet\u00e0:\u00a0<\/strong><\/strong>Merlot\/ Cabernet Franc\/ Chardonnay \/ Riesling Italico<strong><br><strong>Anno dell\u2019impianto del vigneto:<\/strong> <\/strong>1971 \u00e8 1973<strong><br><strong>Modo di impianto:<\/strong><\/strong> 1,2m x 2,5m<\/p>\n\n\n\n<figure class=\"wp-block-image size-large\"><img loading=\"lazy\" decoding=\"async\" width=\"1200\" height=\"800\" src=\"https:\/\/www.batic.si\/wp-content\/uploads\/2023\/03\/batic-jazbinea-1200x800.jpg\" alt=\"\" class=\"wp-image-1079\" srcset=\"https:\/\/www.batic.si\/wp-content\/uploads\/2023\/03\/batic-jazbinea-1200x800.jpg 1200w, https:\/\/www.batic.si\/wp-content\/uploads\/2023\/03\/batic-jazbinea-400x267.jpg 400w, https:\/\/www.batic.si\/wp-content\/uploads\/2023\/03\/batic-jazbinea-768x512.jpg 768w, https:\/\/www.batic.si\/wp-content\/uploads\/2023\/03\/batic-jazbinea.jpg 1920w\" sizes=\"auto, (max-width: 1200px) 100vw, 1200px\" \/><figcaption class=\"wp-element-caption\">Vogersko Jazbine<\/figcaption><\/figure>\n\n\n\n<p><\/p>\n\n\n\n<p><strong>Jazbine<\/strong><\/p>\n\n\n\n<p>Affinch\u00e9 la reputazione dei suoi antenati rimanesse immacolata, all&#8217;et\u00e0 di ventun anni Ivan inizi\u00f2 a rilevare l\u2019azienda che nel tempo si era impoverita. Ha ereditato il lavoro. Non aveva soldi. Ma aveva una visione. Gi\u00e0 allora credeva nella terra di Jazbine. Ai compaesani ha chiesto in prestito duecento dinari per acquistare una motosega per tagliare gli alberi del bosco di Jazbine ed espandere il vigneto. Era estate. A quel tempo maturavano le ciliegie, le pesche e infine anche le pere. Con i soldi del vino e della frutta ha pagato le prime ore dell\u2019operatore che arava la terra del vigneto. Con gli introiti, saldava i prestiti. A quel tempo, i soldi se ne andavano rapidamente. Le giornate si stavano facendo sempre pi\u00f9 dure. E quando sembrava che non ci fosse pi\u00f9 speranza, sui vitigni del Merlot e del Cabernet Franc sono cresciute le prime foglie verdi. Da allora sono passati molti anni. I tempi sono cambiati. La terra ha accolto le viti. In questo vigneto solitamente maturano le uve dalle grandi promesse. Mio padre dice che per tutto ci\u00f2 che abbiamo dobbiamo ringraziare solo questa terra.<\/p>\n","protected":false},"excerpt":{"rendered":"<p>Dimensioni: 2,16 ha\/5.600 ceppiTipo di terreno: lo strato superiore \u00e8 argilloso, lo strato inferiore \u00e8 marnosoEsposizione: 60% altopiano, nord 20%, sud 20%,Altitudine:\u00a0125,7m &#8211; 118,4mVariet\u00e0:\u00a0Merlot\/ [&hellip;]<\/p>\n","protected":false},"author":1,"featured_media":3526,"parent":4932,"menu_order":8,"comment_status":"closed","ping_status":"closed","template":"","meta":{"_acf_changed":false,"inline_featured_image":false,"slim_seo":{"title":"Jazbine - Vinarstvo Bati\u010d","description":"Dimensioni: 2,16 ha\/5.600 ceppi Tipo di terreno: lo strato superiore \u00e8 argilloso, lo strato inferiore \u00e8 marnoso Esposizione: 60% altopiano, nord 20%, sud 20%, A"},"footnotes":""},"class_list":["post-4950","page","type-page","status-publish","has-post-thumbnail","hentry"],"acf":[],"_links":{"self":[{"href":"https:\/\/www.batic.si\/it\/wp-json\/wp\/v2\/pages\/4950","targetHints":{"allow":["GET"]}}],"collection":[{"href":"https:\/\/www.batic.si\/it\/wp-json\/wp\/v2\/pages"}],"about":[{"href":"https:\/\/www.batic.si\/it\/wp-json\/wp\/v2\/types\/page"}],"author":[{"embeddable":true,"href":"https:\/\/www.batic.si\/it\/wp-json\/wp\/v2\/users\/1"}],"replies":[{"embeddable":true,"href":"https:\/\/www.batic.si\/it\/wp-json\/wp\/v2\/comments?post=4950"}],"version-history":[{"count":7,"href":"https:\/\/www.batic.si\/it\/wp-json\/wp\/v2\/pages\/4950\/revisions"}],"predecessor-version":[{"id":5156,"href":"https:\/\/www.batic.si\/it\/wp-json\/wp\/v2\/pages\/4950\/revisions\/5156"}],"up":[{"embeddable":true,"href":"https:\/\/www.batic.si\/it\/wp-json\/wp\/v2\/pages\/4932"}],"wp:featuredmedia":[{"embeddable":true,"href":"https:\/\/www.batic.si\/it\/wp-json\/wp\/v2\/media\/3526"}],"wp:attachment":[{"href":"https:\/\/www.batic.si\/it\/wp-json\/wp\/v2\/media?parent=4950"}],"curies":[{"name":"wp","href":"https:\/\/api.w.org\/{rel}","templated":true}]}}