{"id":4942,"date":"2023-03-14T11:58:08","date_gmt":"2023-03-14T10:58:08","guid":{"rendered":"https:\/\/www.batic.si\/?page_id=4942"},"modified":"2023-10-28T09:27:03","modified_gmt":"2023-10-28T07:27:03","slug":"breg","status":"publish","type":"page","link":"https:\/\/www.batic.si\/it\/vigneti\/breg\/","title":{"rendered":"Breg"},"content":{"rendered":"\n<p><strong><strong>Dimensioni:<\/strong>\u00a0 <\/strong>0,46 ha\/3.200 ceppi<strong><br>Tipo di terreno:\u00a0<\/strong>ponca<strong><br><strong>Altitudine:\u00a0<\/strong><\/strong>135m -122m<strong><br>Esposizione: <\/strong>Sud <strong><br><strong>Variet\u00e0:\u00a0<\/strong><\/strong>Cabernet Sauvignon\/ Merlot <strong><br><strong>Anno dell\u2019impianto del vigneto:<\/strong> <\/strong>2016<strong><br><strong>Modo di impianto:<\/strong> <\/strong>1m x 1,2m<\/p>\n\n\n\n<figure class=\"wp-block-image size-large\"><img loading=\"lazy\" decoding=\"async\" width=\"1200\" height=\"800\" src=\"https:\/\/www.batic.si\/wp-content\/uploads\/2023\/03\/batic-breg-1200x800.jpg\" alt=\"\" class=\"wp-image-956\" srcset=\"https:\/\/www.batic.si\/wp-content\/uploads\/2023\/03\/batic-breg-1200x800.jpg 1200w, https:\/\/www.batic.si\/wp-content\/uploads\/2023\/03\/batic-breg-400x267.jpg 400w, https:\/\/www.batic.si\/wp-content\/uploads\/2023\/03\/batic-breg-768x512.jpg 768w, https:\/\/www.batic.si\/wp-content\/uploads\/2023\/03\/batic-breg.jpg 1920w\" sizes=\"auto, (max-width: 1200px) 100vw, 1200px\" \/><\/figure>\n\n\n\n<p><strong>Breg<\/strong><\/p>\n\n\n\n<p>Un secolo fa a Sambasso vivevano circa 900 persone. Fino ad oggi non \u00e8 cambiato molto. Non ci sono pi\u00f9 le stesse persone, ma i loro soprannomi e le loro credenze sono rimasti simili. Questo vale anche per il terreno di \u0160empaski bregovi, che da generazioni rimane di propriet\u00e0 delle stesse famiglie. La qualit\u00e0 dei vini che provengono dai colli contraddistingue da tempo questa terra con grande rispetto. Questa non \u00e8 una terra come tutte le altre, non ha prezzo. Il XXI\u00b0 secolo ha portato cambiamenti anche nei rituali secolari del mio villaggio natale. Una serie di coincidenze ha arricchito anche la nostra azienda agricola con il lavoro nei colli. Se i miei figli continueranno la mia avventura nei colli, gli aspetter\u00e0 questo piccolo fazzoletto di terra ricco di grandi promesse.<\/p>\n","protected":false},"excerpt":{"rendered":"<p>Dimensioni:\u00a0 0,46 ha\/3.200 ceppiTipo di terreno:\u00a0poncaAltitudine:\u00a0135m -122mEsposizione: Sud Variet\u00e0:\u00a0Cabernet Sauvignon\/ Merlot Anno dell\u2019impianto del vigneto: 2016Modo di impianto: 1m x 1,2m Breg Un secolo [&hellip;]<\/p>\n","protected":false},"author":1,"featured_media":3446,"parent":4932,"menu_order":4,"comment_status":"closed","ping_status":"closed","template":"","meta":{"_acf_changed":false,"inline_featured_image":false,"slim_seo":{"title":"Breg - Vinarstvo Bati\u010d","description":"Dimensioni: \u00a0 0,46 ha\/3.200 ceppi Tipo di terreno:\u00a0 ponca Altitudine:\u00a0 135m - 122m Esposizione: Sud Variet\u00e0:\u00a0 Cabernet Sauvignon\/ Merlot Anno dell\u2019impianto del"},"footnotes":""},"class_list":["post-4942","page","type-page","status-publish","has-post-thumbnail","hentry"],"acf":[],"_links":{"self":[{"href":"https:\/\/www.batic.si\/it\/wp-json\/wp\/v2\/pages\/4942","targetHints":{"allow":["GET"]}}],"collection":[{"href":"https:\/\/www.batic.si\/it\/wp-json\/wp\/v2\/pages"}],"about":[{"href":"https:\/\/www.batic.si\/it\/wp-json\/wp\/v2\/types\/page"}],"author":[{"embeddable":true,"href":"https:\/\/www.batic.si\/it\/wp-json\/wp\/v2\/users\/1"}],"replies":[{"embeddable":true,"href":"https:\/\/www.batic.si\/it\/wp-json\/wp\/v2\/comments?post=4942"}],"version-history":[{"count":7,"href":"https:\/\/www.batic.si\/it\/wp-json\/wp\/v2\/pages\/4942\/revisions"}],"predecessor-version":[{"id":7742,"href":"https:\/\/www.batic.si\/it\/wp-json\/wp\/v2\/pages\/4942\/revisions\/7742"}],"up":[{"embeddable":true,"href":"https:\/\/www.batic.si\/it\/wp-json\/wp\/v2\/pages\/4932"}],"wp:featuredmedia":[{"embeddable":true,"href":"https:\/\/www.batic.si\/it\/wp-json\/wp\/v2\/media\/3446"}],"wp:attachment":[{"href":"https:\/\/www.batic.si\/it\/wp-json\/wp\/v2\/media?parent=4942"}],"curies":[{"name":"wp","href":"https:\/\/api.w.org\/{rel}","templated":true}]}}