{"id":4940,"date":"2023-03-14T11:57:46","date_gmt":"2023-03-14T10:57:46","guid":{"rendered":"https:\/\/www.batic.si\/?page_id=4940"},"modified":"2023-06-28T13:25:31","modified_gmt":"2023-06-28T11:25:31","slug":"brce","status":"publish","type":"page","link":"https:\/\/www.batic.si\/it\/vigneti\/brce\/","title":{"rendered":"Brce"},"content":{"rendered":"\n<p><strong>Dimensioni: <\/strong>1,57 ha\/7.200 ceppi<strong><br>Esposizione: <\/strong>Sud\/  Ovest<strong><br>Altitudine: <\/strong>112m-99m<strong><br><strong>Tipo di terreno:<\/strong> <\/strong>50% marnoso, 50% argilloso<strong><br><strong><strong>Variet\u00e0:<\/strong><\/strong> <\/strong>Chardonnay, Zelen, Moscato, Sauvignon <strong><br><strong>Anno dell\u2019impianto del vigneto:<\/strong> <\/strong>1985, 1989, 1996, 2013<strong><br><strong>Modo di impianto:<\/strong> <\/strong>1m x 2,4m \u00e8 1m x 1.2m<\/p>\n\n\n\n<figure class=\"wp-block-image size-large\"><img loading=\"lazy\" decoding=\"async\" width=\"1200\" height=\"674\" src=\"https:\/\/www.batic.si\/wp-content\/uploads\/2023\/03\/batic-brce-1200x674.jpg\" alt=\"\" class=\"wp-image-947\" srcset=\"https:\/\/www.batic.si\/wp-content\/uploads\/2023\/03\/batic-brce-1200x674.jpg 1200w, https:\/\/www.batic.si\/wp-content\/uploads\/2023\/03\/batic-brce-400x225.jpg 400w, https:\/\/www.batic.si\/wp-content\/uploads\/2023\/03\/batic-brce-768x432.jpg 768w, https:\/\/www.batic.si\/wp-content\/uploads\/2023\/03\/batic-brce.jpg 1920w\" sizes=\"auto, (max-width: 1200px) 100vw, 1200px\" \/><figcaption class=\"wp-element-caption\">Brce Zelen<\/figcaption><\/figure>\n\n\n\n<p><strong>Brce<\/strong><\/p>\n\n\n\n<p>Mio padre ed io condividiamo la passione per la coltivazione dei vigneti. Il vigneto del Sauvignon a Brce \u00e8 gestito da mio padre. In questo vigneto, nel corso degli anni, ho lavorato raramente. E quando lo facevo, osservavo timidamente e senza dare nell&#8217;occhio la casa sopra il vigneto, che per me era come un santuario. L\u00ec ci viveva una ragazza meravigliosa. Sono passati solo pochi anni, \u00e8 la ragazza non vive pi\u00f9 l\u00ec. Da allora non saluto pi\u00f9 i suoi genitori con signora Silvana e signor Dani, poich\u00e9 il pi\u00f9 delle volte li chiamo nonna e nonno, specialmente durante i pranzi domenicali, quando coccolano i loro nipotini ovvero i miei figli.<\/p>\n","protected":false},"excerpt":{"rendered":"<p>Dimensioni: 1,57 ha\/7.200 ceppiEsposizione: Sud\/ OvestAltitudine: 112m-99mTipo di terreno: 50% marnoso, 50% argillosoVariet\u00e0: Chardonnay, Zelen, Moscato, Sauvignon Anno dell\u2019impianto del vigneto: 1985, 1989, 1996, [&hellip;]<\/p>\n","protected":false},"author":1,"featured_media":3538,"parent":4932,"menu_order":3,"comment_status":"closed","ping_status":"closed","template":"","meta":{"_acf_changed":false,"inline_featured_image":false,"slim_seo":{"title":"Brce - Vinarstvo Bati\u010d","description":"Dimensioni: 1,57 ha\/7.200 ceppi Esposizione: Sud\/ Ovest Altitudine: 112m - 99m Tipo di terreno: 50% marnoso, 50% argilloso Variet\u00e0: Chardonnay, Zelen, Moscato,"},"footnotes":""},"class_list":["post-4940","page","type-page","status-publish","has-post-thumbnail","hentry"],"acf":[],"_links":{"self":[{"href":"https:\/\/www.batic.si\/it\/wp-json\/wp\/v2\/pages\/4940","targetHints":{"allow":["GET"]}}],"collection":[{"href":"https:\/\/www.batic.si\/it\/wp-json\/wp\/v2\/pages"}],"about":[{"href":"https:\/\/www.batic.si\/it\/wp-json\/wp\/v2\/types\/page"}],"author":[{"embeddable":true,"href":"https:\/\/www.batic.si\/it\/wp-json\/wp\/v2\/users\/1"}],"replies":[{"embeddable":true,"href":"https:\/\/www.batic.si\/it\/wp-json\/wp\/v2\/comments?post=4940"}],"version-history":[{"count":9,"href":"https:\/\/www.batic.si\/it\/wp-json\/wp\/v2\/pages\/4940\/revisions"}],"predecessor-version":[{"id":5119,"href":"https:\/\/www.batic.si\/it\/wp-json\/wp\/v2\/pages\/4940\/revisions\/5119"}],"up":[{"embeddable":true,"href":"https:\/\/www.batic.si\/it\/wp-json\/wp\/v2\/pages\/4932"}],"wp:featuredmedia":[{"embeddable":true,"href":"https:\/\/www.batic.si\/it\/wp-json\/wp\/v2\/media\/3538"}],"wp:attachment":[{"href":"https:\/\/www.batic.si\/it\/wp-json\/wp\/v2\/media?parent=4940"}],"curies":[{"name":"wp","href":"https:\/\/api.w.org\/{rel}","templated":true}]}}