{"id":4930,"date":"2023-01-29T21:08:26","date_gmt":"2023-01-29T20:08:26","guid":{"rendered":"https:\/\/www.batic.si\/?page_id=4930"},"modified":"2025-03-17T14:14:28","modified_gmt":"2025-03-17T13:14:28","slug":"vinjak-oskar","status":"publish","type":"page","link":"https:\/\/www.batic.si\/it\/i-vini\/destilati\/vinjak-oskar\/","title":{"rendered":"Vinjak Oskar"},"content":{"rendered":"\n<p>Pi\u00f9 di dieci variet\u00e0 di uva e quasi trent&#8217;anni di sviluppo. Il Vinjak Oskar Extra \u00e8 stato affinato in botti di rovere sloveno sin dalla met\u00e0 degli anni &#8217;80. \u00c8 stato imbottigliato per la prima volta nel dicembre 2019. Il Brandy Oskar \u00e8 nato dal nostro impegno per la qualit\u00e0 dei nostri vini e dai principi dell&#8217;agricoltura biodinamica, un impegno che richiede che in questi distillati utilizziamo solo uve di annate selezionate \u2013 annate fredde, dove l&#8217;uva offre tutto il necessario per ottenere distillati di alta qualit\u00e0. Lavorando con la natura e vedendo gli anni meno ottimali per la produzione del vino come un&#8217;opportunit\u00e0 per produrre ottimi distillati, garantiamo che i nostri vini e i nostri brandy siano costantemente della pi\u00f9 alta qualit\u00e0. Gli anni caldi appartengono ai nostri vini; gli anni freddi appartengono al Vinjak Oskar Extra. Ogni sorso di Vinjak Oskar Extra \u00e8 simile a un&#8217;orchestra \u2013 ogni variet\u00e0 di uva \u00e8 come uno strumento separato nella sua sinfonia di sapori, aromi e sensazioni. Godetevi il Vinjak Oskar Extra in compagnia di chi vi \u00e8 caro, perch\u00e9 \u00e8 allora che \u00e8 pi\u00f9 dolce. Salute!<\/p>\n","protected":false},"excerpt":{"rendered":"<p>Pi\u00f9 di dieci variet\u00e0 di uva e quasi trent&#8217;anni di sviluppo. Il Vinjak Oskar Extra \u00e8 stato affinato in botti di rovere sloveno sin [&hellip;]<\/p>\n","protected":false},"author":1,"featured_media":4054,"parent":4928,"menu_order":0,"comment_status":"closed","ping_status":"closed","template":"templates\/wine-single.php","meta":{"_acf_changed":false,"inline_featured_image":false,"slim_seo":{"title":"Vinjak Oskar - Vinarstvo Bati\u010d","description":"Pi\u00f9 di dieci variet\u00e0 di uva e quasi trent'anni di sviluppo. Il Vinjak Oskar Extra \u00e8 stato affinato in botti di rovere sloveno sin dalla met\u00e0 degli anni '80. \u00c8 s"},"footnotes":""},"class_list":["post-4930","page","type-page","status-publish","has-post-thumbnail","hentry"],"acf":[],"_links":{"self":[{"href":"https:\/\/www.batic.si\/it\/wp-json\/wp\/v2\/pages\/4930","targetHints":{"allow":["GET"]}}],"collection":[{"href":"https:\/\/www.batic.si\/it\/wp-json\/wp\/v2\/pages"}],"about":[{"href":"https:\/\/www.batic.si\/it\/wp-json\/wp\/v2\/types\/page"}],"author":[{"embeddable":true,"href":"https:\/\/www.batic.si\/it\/wp-json\/wp\/v2\/users\/1"}],"replies":[{"embeddable":true,"href":"https:\/\/www.batic.si\/it\/wp-json\/wp\/v2\/comments?post=4930"}],"version-history":[{"count":2,"href":"https:\/\/www.batic.si\/it\/wp-json\/wp\/v2\/pages\/4930\/revisions"}],"predecessor-version":[{"id":7998,"href":"https:\/\/www.batic.si\/it\/wp-json\/wp\/v2\/pages\/4930\/revisions\/7998"}],"up":[{"embeddable":true,"href":"https:\/\/www.batic.si\/it\/wp-json\/wp\/v2\/pages\/4928"}],"wp:featuredmedia":[{"embeddable":true,"href":"https:\/\/www.batic.si\/it\/wp-json\/wp\/v2\/media\/4054"}],"wp:attachment":[{"href":"https:\/\/www.batic.si\/it\/wp-json\/wp\/v2\/media?parent=4930"}],"curies":[{"name":"wp","href":"https:\/\/api.w.org\/{rel}","templated":true}]}}