{"id":4918,"date":"2023-01-23T01:17:08","date_gmt":"2023-01-23T00:17:08","guid":{"rendered":"https:\/\/www.batic.si\/?page_id=4918"},"modified":"2023-07-31T14:10:59","modified_gmt":"2023-07-31T12:10:59","slug":"brajda","status":"publish","type":"page","link":"https:\/\/www.batic.si\/it\/i-vini\/marlon\/brajda\/","title":{"rendered":"Brajda"},"content":{"rendered":"\n<p>Il vigneto di Bati\u010d Brajda \u00e8 il primo vigneto in Slovenia con vitigni resistenti. Vi prosperano venti diverse variet\u00e0 resistenti alle malattie fungine della vite. Le uve di questo vigneto non trattato ci danno i vini distintivi della linea Marlon Brajda. La composizione varietale cambia proporzionalmente di anno in anno. Tutte le annate del Marlon Brajda sono accomunate da un gusto firmato dalla nobile botrite. La fermentazione del Marlon avviene spontaneamente con i propri lieviti. Dopo 18 mesi di maturazione sui lieviti a pasta madre, il Marlon Brajda viene imbottigliato senza filtrazione n\u00e9 chiarifica. Nelle annate particolarmente secche, quando la botrite nobile non \u00e8 presente sull&#8217;uva, questo vino non viene prodotto. In tal caso, da queste uve viene prodotto &nbsp;il vino bianco dolce, il Valentino Belo.<\/p>\n","protected":false},"excerpt":{"rendered":"<p>Il vigneto di Bati\u010d Brajda \u00e8 il primo vigneto in Slovenia con vitigni resistenti. Vi prosperano venti diverse variet\u00e0 resistenti alle malattie fungine della [&hellip;]<\/p>\n","protected":false},"author":1,"featured_media":3756,"parent":4916,"menu_order":0,"comment_status":"closed","ping_status":"closed","template":"templates\/wine-single.php","meta":{"_acf_changed":false,"inline_featured_image":false,"slim_seo":{"title":"Brajda - Vinarstvo Bati\u010d","description":"Il vigneto di Bati\u010d Brajda \u00e8 il primo vigneto in Slovenia con vitigni resistenti. Vi prosperano venti diverse variet\u00e0 resistenti alle malattie fungine della vit"},"footnotes":""},"class_list":["post-4918","page","type-page","status-publish","has-post-thumbnail","hentry"],"acf":[],"_links":{"self":[{"href":"https:\/\/www.batic.si\/it\/wp-json\/wp\/v2\/pages\/4918","targetHints":{"allow":["GET"]}}],"collection":[{"href":"https:\/\/www.batic.si\/it\/wp-json\/wp\/v2\/pages"}],"about":[{"href":"https:\/\/www.batic.si\/it\/wp-json\/wp\/v2\/types\/page"}],"author":[{"embeddable":true,"href":"https:\/\/www.batic.si\/it\/wp-json\/wp\/v2\/users\/1"}],"replies":[{"embeddable":true,"href":"https:\/\/www.batic.si\/it\/wp-json\/wp\/v2\/comments?post=4918"}],"version-history":[{"count":5,"href":"https:\/\/www.batic.si\/it\/wp-json\/wp\/v2\/pages\/4918\/revisions"}],"predecessor-version":[{"id":6719,"href":"https:\/\/www.batic.si\/it\/wp-json\/wp\/v2\/pages\/4918\/revisions\/6719"}],"up":[{"embeddable":true,"href":"https:\/\/www.batic.si\/it\/wp-json\/wp\/v2\/pages\/4916"}],"wp:featuredmedia":[{"embeddable":true,"href":"https:\/\/www.batic.si\/it\/wp-json\/wp\/v2\/media\/3756"}],"wp:attachment":[{"href":"https:\/\/www.batic.si\/it\/wp-json\/wp\/v2\/media?parent=4918"}],"curies":[{"name":"wp","href":"https:\/\/api.w.org\/{rel}","templated":true}]}}