{"id":4916,"date":"2023-01-23T01:15:21","date_gmt":"2023-01-23T00:15:21","guid":{"rendered":"https:\/\/www.batic.si\/?page_id=4916"},"modified":"2023-07-31T14:24:51","modified_gmt":"2023-07-31T12:24:51","slug":"marlon","status":"publish","type":"page","link":"https:\/\/www.batic.si\/it\/i-vini\/marlon\/","title":{"rendered":"Marlon"},"content":{"rendered":"\n<p>La vite, in quanto tale, non ha un nome in natura ma presenta solo delle caratteristiche. Il nome le \u00e8 stato dato dall&#8217;uomo. Oggi non cerco pi\u00f9 variet\u00e0 autoctone sulla base del nome, ma secondo la loro essenza. Questo modo di pensare mi ha portato ad utilizzare delle variet\u00e0 che la nostra terra non ha mai conosciuto, fino ad oggi. Queste variet\u00e0, nella loro essenza, hanno tutto ci\u00f2 che possedevano le variet\u00e0 autoctone di un tempo. Oggi queste variet\u00e0 vengono coltivate senza alcun trattamento, cos\u00ec come lo si faceva un tempo con quelle autoctone.<\/p>\n\n\n\n<p>Il vigneto Bati\u010d Brajda \u00e8 il primo vigneto con vitigni resistenti della Slovenia. Vi prosperano venti diverse variet\u00e0 resistenti alle malattie fungine della vite. Le uve di questo vigneto non trattato ci danno i vini distintivi della linea Marlon Brajda.<\/p>\n\n\n\n<p>Nel 2016, al vigneto del Marlon Brajda, si sono aggiunti anche il vigneto di Marlon Hrastov Hrib e di Marlon Brce.<\/p>\n","protected":false},"excerpt":{"rendered":"<p>La vite, in quanto tale, non ha un nome in natura ma presenta solo delle caratteristiche. Il nome le \u00e8 stato dato dall&#8217;uomo. Oggi [&hellip;]<\/p>\n","protected":false},"author":1,"featured_media":4184,"parent":4872,"menu_order":4,"comment_status":"closed","ping_status":"closed","template":"templates\/wine-category.php","meta":{"_acf_changed":false,"inline_featured_image":false,"slim_seo":{"title":"Marlon - Vinarstvo Bati\u010d","description":"La vite, in quanto tale, non ha un nome in natura ma presenta solo delle caratteristiche. Il nome le \u00e8 stato dato dall'uomo. Oggi non cerco pi\u00f9 variet\u00e0 autocton"},"footnotes":""},"class_list":["post-4916","page","type-page","status-publish","has-post-thumbnail","hentry"],"acf":[],"_links":{"self":[{"href":"https:\/\/www.batic.si\/it\/wp-json\/wp\/v2\/pages\/4916","targetHints":{"allow":["GET"]}}],"collection":[{"href":"https:\/\/www.batic.si\/it\/wp-json\/wp\/v2\/pages"}],"about":[{"href":"https:\/\/www.batic.si\/it\/wp-json\/wp\/v2\/types\/page"}],"author":[{"embeddable":true,"href":"https:\/\/www.batic.si\/it\/wp-json\/wp\/v2\/users\/1"}],"replies":[{"embeddable":true,"href":"https:\/\/www.batic.si\/it\/wp-json\/wp\/v2\/comments?post=4916"}],"version-history":[{"count":2,"href":"https:\/\/www.batic.si\/it\/wp-json\/wp\/v2\/pages\/4916\/revisions"}],"predecessor-version":[{"id":5028,"href":"https:\/\/www.batic.si\/it\/wp-json\/wp\/v2\/pages\/4916\/revisions\/5028"}],"up":[{"embeddable":true,"href":"https:\/\/www.batic.si\/it\/wp-json\/wp\/v2\/pages\/4872"}],"wp:featuredmedia":[{"embeddable":true,"href":"https:\/\/www.batic.si\/it\/wp-json\/wp\/v2\/media\/4184"}],"wp:attachment":[{"href":"https:\/\/www.batic.si\/it\/wp-json\/wp\/v2\/media?parent=4916"}],"curies":[{"name":"wp","href":"https:\/\/api.w.org\/{rel}","templated":true}]}}