{"id":4914,"date":"2023-01-23T01:13:58","date_gmt":"2023-01-23T00:13:58","guid":{"rendered":"https:\/\/www.batic.si\/?page_id=4914"},"modified":"2025-11-24T17:39:53","modified_gmt":"2025-11-24T16:39:53","slug":"rezerva-rdece","status":"publish","type":"page","link":"https:\/\/www.batic.si\/it\/i-vini\/angel\/rezerva-rdece\/","title":{"rendered":"Rezerva Rde\u010de"},"content":{"rendered":"\n<p>Angel Red Rezerva 2021 \u00e8 il vino di pi\u00f9 alto rango della cantina Bati\u010d.<\/p>\n\n\n\n<p>Viene prodotto solo nelle annate davvero eccezionali.<\/p>\n\n\n\n<p>Il primo Angel Rezerva era una cuv\u00e9e senza annata, creata dalle straordinarie vendemmie 2006, 2007 e 2009.<\/p>\n\n\n\n<p>Il suo successore \u00e8 stato Angel Red Rezerva 2020.<\/p>\n\n\n\n<p>La terza edizione, Angel Red Reserva 2021, porta la firma di un\u2019annata straordinaria, segnata da una lunga estate indiana che si estendeva profondamente nell\u2019autunno. La vendemmia del Merlot dal vigneto Livi\u0161\u010de si \u00e8 svolta il 4 ottobre.<\/p>\n\n\n\n<p>Angel Red Rezerva 2021 \u00e8 la pi\u00f9 pura espressione del Merlot.<\/p>\n\n\n\n<p>Dopo tre settimane di macerazione, il vino ha maturato per 27 mesi in botti di rovere selezionate. \u00c8 stato imbottigliato senza filtrazione, secondo i principi biodinamici e nella fase lunare appropriata.<\/p>\n\n\n\n<p>Un tributo limitato alla collina viticola di Vipava Livi\u0161\u010de, creato per lunghi anni di evoluzione e per quei momenti destinati a durare ancora pi\u00f9 a lungo.<\/p>\n","protected":false},"excerpt":{"rendered":"<p>Angel Red Rezerva 2021 \u00e8 il vino di pi\u00f9 alto rango della cantina Bati\u010d. Viene prodotto solo nelle annate davvero eccezionali. Il primo Angel [&hellip;]<\/p>\n","protected":false},"author":1,"featured_media":3930,"parent":4900,"menu_order":7,"comment_status":"closed","ping_status":"closed","template":"templates\/wine-single.php","meta":{"_acf_changed":false,"inline_featured_image":false,"slim_seo":{"title":"Rezerva Rde\u010de - Vinarstvo Bati\u010d","description":"Angel Red Rezerva 2021 \u00e8 il vino di pi\u00f9 alto rango della cantina Bati\u010d. Viene prodotto solo nelle annate davvero eccezionali. Il primo Angel Rezerva era una cuv"},"footnotes":""},"class_list":["post-4914","page","type-page","status-publish","has-post-thumbnail","hentry"],"acf":[],"_links":{"self":[{"href":"https:\/\/www.batic.si\/it\/wp-json\/wp\/v2\/pages\/4914","targetHints":{"allow":["GET"]}}],"collection":[{"href":"https:\/\/www.batic.si\/it\/wp-json\/wp\/v2\/pages"}],"about":[{"href":"https:\/\/www.batic.si\/it\/wp-json\/wp\/v2\/types\/page"}],"author":[{"embeddable":true,"href":"https:\/\/www.batic.si\/it\/wp-json\/wp\/v2\/users\/1"}],"replies":[{"embeddable":true,"href":"https:\/\/www.batic.si\/it\/wp-json\/wp\/v2\/comments?post=4914"}],"version-history":[{"count":5,"href":"https:\/\/www.batic.si\/it\/wp-json\/wp\/v2\/pages\/4914\/revisions"}],"predecessor-version":[{"id":8104,"href":"https:\/\/www.batic.si\/it\/wp-json\/wp\/v2\/pages\/4914\/revisions\/8104"}],"up":[{"embeddable":true,"href":"https:\/\/www.batic.si\/it\/wp-json\/wp\/v2\/pages\/4900"}],"wp:featuredmedia":[{"embeddable":true,"href":"https:\/\/www.batic.si\/it\/wp-json\/wp\/v2\/media\/3930"}],"wp:attachment":[{"href":"https:\/\/www.batic.si\/it\/wp-json\/wp\/v2\/media?parent=4914"}],"curies":[{"name":"wp","href":"https:\/\/api.w.org\/{rel}","templated":true}]}}