{"id":4912,"date":"2023-01-23T01:10:29","date_gmt":"2023-01-23T00:10:29","guid":{"rendered":"https:\/\/www.batic.si\/?page_id=4912"},"modified":"2026-03-23T14:25:43","modified_gmt":"2026-03-23T13:25:43","slug":"rdece","status":"publish","type":"page","link":"https:\/\/www.batic.si\/it\/i-vini\/angel\/rdece\/","title":{"rendered":"Rde\u010de"},"content":{"rendered":"\n<p>L\u2019Angel Rde\u010de \u00e8 del taglio bordolese, come il Merlot e il Cabernet Franc, dal tocco della regione del Vipava. La corposit\u00e0 del vino \u00e8 definita dal Merlot, mentre il Cabernet Franc gli dona tutta l&#8217;eleganza della variet\u00e0. La vendemmia del Merlot di \u0160mihel Livi\u0161\u010de si \u00e8 svolta il 21 settembre, mentre quella del Cabernet Franc di Vogersko Jazbine il7 ottobre. I vini sono stati vinificati separatamente. Il Merlot diraspato \u00e8 rimasto a contatto con le bucce degli acini per 21 giorni mentre il Cabernet Franc per 14 giorni. Il vino ha maturato in botti di rovere da 225 l per 34 mesi. L\u2019Angel Rde\u010de viene imbottigliato nel periodo di luna calante.<\/p>\n","protected":false},"excerpt":{"rendered":"<p>L\u2019Angel Rde\u010de \u00e8 del taglio bordolese, come il Merlot e il Cabernet Franc, dal tocco della regione del Vipava. La corposit\u00e0 del vino \u00e8 [&hellip;]<\/p>\n","protected":false},"author":1,"featured_media":3810,"parent":4900,"menu_order":6,"comment_status":"closed","ping_status":"closed","template":"templates\/wine-single.php","meta":{"_acf_changed":false,"inline_featured_image":false,"slim_seo":{"title":"Rde\u010de - Vinarstvo Bati\u010d","description":"L\u2019Angel Rde\u010de \u00e8 del taglio bordolese, come il Merlot e il Cabernet Franc, dal tocco della regione del Vipava. La corposit\u00e0 del vino \u00e8 definita dal Merlot, mentr"},"footnotes":""},"class_list":["post-4912","page","type-page","status-publish","has-post-thumbnail","hentry"],"acf":[],"_links":{"self":[{"href":"https:\/\/www.batic.si\/it\/wp-json\/wp\/v2\/pages\/4912","targetHints":{"allow":["GET"]}}],"collection":[{"href":"https:\/\/www.batic.si\/it\/wp-json\/wp\/v2\/pages"}],"about":[{"href":"https:\/\/www.batic.si\/it\/wp-json\/wp\/v2\/types\/page"}],"author":[{"embeddable":true,"href":"https:\/\/www.batic.si\/it\/wp-json\/wp\/v2\/users\/1"}],"replies":[{"embeddable":true,"href":"https:\/\/www.batic.si\/it\/wp-json\/wp\/v2\/comments?post=4912"}],"version-history":[{"count":12,"href":"https:\/\/www.batic.si\/it\/wp-json\/wp\/v2\/pages\/4912\/revisions"}],"predecessor-version":[{"id":8260,"href":"https:\/\/www.batic.si\/it\/wp-json\/wp\/v2\/pages\/4912\/revisions\/8260"}],"up":[{"embeddable":true,"href":"https:\/\/www.batic.si\/it\/wp-json\/wp\/v2\/pages\/4900"}],"wp:featuredmedia":[{"embeddable":true,"href":"https:\/\/www.batic.si\/it\/wp-json\/wp\/v2\/media\/3810"}],"wp:attachment":[{"href":"https:\/\/www.batic.si\/it\/wp-json\/wp\/v2\/media?parent=4912"}],"curies":[{"name":"wp","href":"https:\/\/api.w.org\/{rel}","templated":true}]}}