{"id":4898,"date":"2023-02-01T23:02:25","date_gmt":"2023-02-01T22:02:25","guid":{"rendered":"https:\/\/www.batic.si\/?page_id=4898"},"modified":"2026-03-23T13:24:04","modified_gmt":"2026-03-23T12:24:04","slug":"zaria","status":"publish","type":"page","link":"https:\/\/www.batic.si\/it\/i-vini\/selekcija\/zaria\/","title":{"rendered":"Zaria"},"content":{"rendered":"\n<p>Il vino Zaria \u00e8 ottenuto dalle variet\u00e0 bianche autoctone del Vipava: Pinela, Malvasia, La\u0161ki Riesling, Zelen e Vitovska. Lo Zaria \u00e8 maturato secondo il tradizionale processo del Vipava &#8211; \u201cvipavec\u201d. Nello Zaria, come in altri vini Bati\u010d, tutto ruota attorno all&#8217;uva. I principi base dello Zaria sono: zone selezionate, contributi per ettaro estremamente contenuti, coltivazione biodinamica dei vigneti, conoscenza del linguaggio della natura e dell\u2019agricoltura secondo le sue leggi.<\/p>\n\n\n\n<p>La vendemmia nei vigneti dove si produce lo Zaria \u00e8 stata effettuata in modo selettivo in due momenti diversi. La Malvasia e il La\u0161ki Riesling sono stati raccolti il 12, il 22 e il 23 settembre. Entrambe le variet\u00e0 sono state arricchite nel 2022 con un&#8217;ampia percentuale di botrite nobile. Il Pinela, lo Zelen e il Vitovska sono stati raccolti il giorno dopo, il 24 settembre. Lo Zaria 2022 \u00e8 stato a contatto con le bucce degli acini per due mesi. Successivamente, il vino ha maturato in una botte in rovere da 35 hl. Dopo 22 mesi di affinamento, lo Zaria verr\u00e0 imbottigliato senza filtrazione e senza chiarifica nell&#8217;agosto del 2024.<\/p>\n\n\n\n<p>I depositi naturali che si formano nel vino, lo conservano e lo proteggono. Il colore intenso dello Zaria riflette la bassissima resa per ettaro, le uve botritiche e il modo in cui il vino viene lasciato maturare. Lo Zaria ha un gusto completamente diverso rispetto ai vini del XXI\u00b0 secolo. Con lo Zaria, abbiamo voluto far rivivere il modo classico e, allo stesso tempo, unico di produrre il vino, che dona al vino il potere curativo e il potere di portare gioia e allegria.<\/p>\n","protected":false},"excerpt":{"rendered":"<p>Il vino Zaria \u00e8 ottenuto dalle variet\u00e0 bianche autoctone del Vipava: Pinela, Malvasia, La\u0161ki Riesling, Zelen e Vitovska. Lo Zaria \u00e8 maturato secondo il [&hellip;]<\/p>\n","protected":false},"author":1,"featured_media":3914,"parent":4882,"menu_order":5,"comment_status":"closed","ping_status":"closed","template":"templates\/wine-single.php","meta":{"_acf_changed":false,"inline_featured_image":false,"slim_seo":{"title":"Zaria - Vinarstvo Bati\u010d","description":"Il vino Zaria \u00e8 ottenuto dalle variet\u00e0 bianche autoctone del Vipava: Pinela, Malvasia, La\u0161ki Riesling, Zelen e Vitovska. Lo Zaria \u00e8 maturato secondo il tradizio"},"footnotes":""},"class_list":["post-4898","page","type-page","status-publish","has-post-thumbnail","hentry"],"acf":[],"_links":{"self":[{"href":"https:\/\/www.batic.si\/it\/wp-json\/wp\/v2\/pages\/4898","targetHints":{"allow":["GET"]}}],"collection":[{"href":"https:\/\/www.batic.si\/it\/wp-json\/wp\/v2\/pages"}],"about":[{"href":"https:\/\/www.batic.si\/it\/wp-json\/wp\/v2\/types\/page"}],"author":[{"embeddable":true,"href":"https:\/\/www.batic.si\/it\/wp-json\/wp\/v2\/users\/1"}],"replies":[{"embeddable":true,"href":"https:\/\/www.batic.si\/it\/wp-json\/wp\/v2\/comments?post=4898"}],"version-history":[{"count":5,"href":"https:\/\/www.batic.si\/it\/wp-json\/wp\/v2\/pages\/4898\/revisions"}],"predecessor-version":[{"id":8197,"href":"https:\/\/www.batic.si\/it\/wp-json\/wp\/v2\/pages\/4898\/revisions\/8197"}],"up":[{"embeddable":true,"href":"https:\/\/www.batic.si\/it\/wp-json\/wp\/v2\/pages\/4882"}],"wp:featuredmedia":[{"embeddable":true,"href":"https:\/\/www.batic.si\/it\/wp-json\/wp\/v2\/media\/3914"}],"wp:attachment":[{"href":"https:\/\/www.batic.si\/it\/wp-json\/wp\/v2\/media?parent=4898"}],"curies":[{"name":"wp","href":"https:\/\/api.w.org\/{rel}","templated":true}]}}