{"id":4896,"date":"2023-02-01T22:59:36","date_gmt":"2023-02-01T21:59:36","guid":{"rendered":"https:\/\/www.batic.si\/?page_id=4896"},"modified":"2023-07-31T14:25:38","modified_gmt":"2023-07-31T12:25:38","slug":"sivi-pinot","status":"publish","type":"page","link":"https:\/\/www.batic.si\/it\/i-vini\/selekcija\/sivi-pinot\/","title":{"rendered":"Sivi Pinot"},"content":{"rendered":"\n<p>Leta 2004 je iz kleti Bati\u010d iz\u0161el prvi Slovenski Sivi Pinot (2003) s podalj\u0161anim stikom z jagodno ko\u017eico (7 dni maceracije). Slednje vino je vinski kritik John Willson v publikaciji &#8220;Best of Wine in Ireland&#8221; uvrstil med najbolj\u0161i dve vini sveta za leto 2006. Sivi Pinot smo po slednji metodi pridelovali skozi naslednje desetletje. <\/p>\n\n\n\n<p>Z letnikom 2022 Sivi Pinot dopolnjuje sortni sestav zvrsti Angel Belo.<\/p>\n","protected":false},"excerpt":{"rendered":"<p>Leta 2004 je iz kleti Bati\u010d iz\u0161el prvi Slovenski Sivi Pinot (2003) s podalj\u0161anim stikom z jagodno ko\u017eico (7 dni maceracije). Slednje vino je [&hellip;]<\/p>\n","protected":false},"author":1,"featured_media":3754,"parent":4882,"menu_order":4,"comment_status":"closed","ping_status":"closed","template":"templates\/wine-single.php","meta":{"_acf_changed":false,"inline_featured_image":false,"slim_seo":{"title":"Sivi Pinot - Vinarstvo Bati\u010d","description":"Leta 2004 je iz kleti Bati\u010d iz\u0161el prvi Slovenski Sivi Pinot (2003) s podalj\u0161anim stikom z jagodno ko\u017eico (7 dni maceracije). Slednje vino je vinski kritik John"},"footnotes":""},"class_list":["post-4896","page","type-page","status-publish","has-post-thumbnail","hentry"],"acf":[],"_links":{"self":[{"href":"https:\/\/www.batic.si\/it\/wp-json\/wp\/v2\/pages\/4896","targetHints":{"allow":["GET"]}}],"collection":[{"href":"https:\/\/www.batic.si\/it\/wp-json\/wp\/v2\/pages"}],"about":[{"href":"https:\/\/www.batic.si\/it\/wp-json\/wp\/v2\/types\/page"}],"author":[{"embeddable":true,"href":"https:\/\/www.batic.si\/it\/wp-json\/wp\/v2\/users\/1"}],"replies":[{"embeddable":true,"href":"https:\/\/www.batic.si\/it\/wp-json\/wp\/v2\/comments?post=4896"}],"version-history":[{"count":1,"href":"https:\/\/www.batic.si\/it\/wp-json\/wp\/v2\/pages\/4896\/revisions"}],"predecessor-version":[{"id":4897,"href":"https:\/\/www.batic.si\/it\/wp-json\/wp\/v2\/pages\/4896\/revisions\/4897"}],"up":[{"embeddable":true,"href":"https:\/\/www.batic.si\/it\/wp-json\/wp\/v2\/pages\/4882"}],"wp:featuredmedia":[{"embeddable":true,"href":"https:\/\/www.batic.si\/it\/wp-json\/wp\/v2\/media\/3754"}],"wp:attachment":[{"href":"https:\/\/www.batic.si\/it\/wp-json\/wp\/v2\/media?parent=4896"}],"curies":[{"name":"wp","href":"https:\/\/api.w.org\/{rel}","templated":true}]}}