{"id":4892,"date":"2023-02-01T22:00:20","date_gmt":"2023-02-01T21:00:20","guid":{"rendered":"https:\/\/www.batic.si\/?page_id=4892"},"modified":"2026-03-23T13:32:06","modified_gmt":"2026-03-23T12:32:06","slug":"pinela","status":"publish","type":"page","link":"https:\/\/www.batic.si\/it\/i-vini\/selekcija\/pinela\/","title":{"rendered":"Pinela"},"content":{"rendered":"\n<p>Il Pinela \u00e8 una variet\u00e0 che, a causa della buccia cos\u00ec sottile dei suoi acini, ha bisogno di una posizione corretta e di tanto amore da parte del viticoltore. Siamo grati al clima ventoso della regione del Vipava. Questa particolarit\u00e0 \u00e8 la chiave per la conservazione e per le caratteristiche di eccellenza del Pinela nella regione del Vipava.<\/p>\n\n\n\n<p>Ivan ha piantumato i suo vigneti di Pinela in zone selezionate ed esposte verso sud. Nel 1998, con l&#8217;impianto di un vigneto Pinela, Mali Dunaj ha ripreso la tradizione abbandonata di piantare vigneti fitti con una densit\u00e0 fino a 11.900 ceppi\/ha nella regione del Vipava (interlinea tra i filari pari a 1,20 m). Dopo la Seconda Guerra Mondiale, questo metodo di piantumazione nella regione del Vipava \u00e8 stato completamente abbandonato a causa dei nuovi processi di lavorazione meccanica.<\/p>\n\n\n\n<p>Il Pinela Selekcija 2023 \u00e8 stato vendemmiato nel vigneto Angel e Mali Dunaj il 23 settembre. L\u2019uva \u00e8 stata parzialmente arricchita con botrite nobile. Dopo la diraspatura dell\u2019uva, il Pinela \u00e8 stato lasciato macerare per 21 giorni alla temperatura media del mese di ottobre. Successivamente, ha maturato all\u2019interno di vecchie botti di rovere da 600 l. Il vino verr\u00e0 imbottigliato nell\u2019agosto.<\/p>\n","protected":false},"excerpt":{"rendered":"<p>Il Pinela \u00e8 una variet\u00e0 che, a causa della buccia cos\u00ec sottile dei suoi acini, ha bisogno di una posizione corretta e di tanto [&hellip;]<\/p>\n","protected":false},"author":1,"featured_media":3818,"parent":4882,"menu_order":2,"comment_status":"closed","ping_status":"closed","template":"templates\/wine-single.php","meta":{"_acf_changed":false,"inline_featured_image":false,"slim_seo":{"title":"Pinela - Vinarstvo Bati\u010d","description":"Il Pinela \u00e8 una variet\u00e0 che, a causa della buccia cos\u00ec sottile dei suoi acini, ha bisogno di una posizione corretta e di tanto amore da parte del viticoltore. S"},"footnotes":""},"class_list":["post-4892","page","type-page","status-publish","has-post-thumbnail","hentry"],"acf":[],"_links":{"self":[{"href":"https:\/\/www.batic.si\/it\/wp-json\/wp\/v2\/pages\/4892","targetHints":{"allow":["GET"]}}],"collection":[{"href":"https:\/\/www.batic.si\/it\/wp-json\/wp\/v2\/pages"}],"about":[{"href":"https:\/\/www.batic.si\/it\/wp-json\/wp\/v2\/types\/page"}],"author":[{"embeddable":true,"href":"https:\/\/www.batic.si\/it\/wp-json\/wp\/v2\/users\/1"}],"replies":[{"embeddable":true,"href":"https:\/\/www.batic.si\/it\/wp-json\/wp\/v2\/comments?post=4892"}],"version-history":[{"count":9,"href":"https:\/\/www.batic.si\/it\/wp-json\/wp\/v2\/pages\/4892\/revisions"}],"predecessor-version":[{"id":8207,"href":"https:\/\/www.batic.si\/it\/wp-json\/wp\/v2\/pages\/4892\/revisions\/8207"}],"up":[{"embeddable":true,"href":"https:\/\/www.batic.si\/it\/wp-json\/wp\/v2\/pages\/4882"}],"wp:featuredmedia":[{"embeddable":true,"href":"https:\/\/www.batic.si\/it\/wp-json\/wp\/v2\/media\/3818"}],"wp:attachment":[{"href":"https:\/\/www.batic.si\/it\/wp-json\/wp\/v2\/media?parent=4892"}],"curies":[{"name":"wp","href":"https:\/\/api.w.org\/{rel}","templated":true}]}}