{"id":4874,"date":"2023-01-30T12:31:09","date_gmt":"2023-01-30T11:31:09","guid":{"rendered":"https:\/\/www.batic.si\/?page_id=4874"},"modified":"2023-06-28T10:23:13","modified_gmt":"2023-06-28T08:23:13","slug":"classic","status":"publish","type":"page","link":"https:\/\/www.batic.si\/it\/i-vini\/classic\/","title":{"rendered":"Classic"},"content":{"rendered":"\n<p>Alla fine degli anni &#8217;70, la fattoria Bati\u010d sub\u00ec la pi\u00f9 grande trasformazione della sua storia. Il tradizionale metodo di vinificazione della regione del Vipacco conobbe per la prima volta le pi\u00f9 moderne procedure di invecchiamento. Fu l\u2019inizio di un periodo caratterizzato da una serie di medaglie e di riconoscimenti secondo quelle che erano le valutazioni enologiche dell\u2019epoca sul nostro territorio. Sebbene ci fossero argomentazioni sempre pi\u00f9 sfavorevoli in merito alla direzione sbagliata intrapresa nella viticoltura e nella vinificazione moderna, ci rendemmo conto del nostro errore solo a met\u00e0 degli anni &#8217;80. Questo cambiamento fu segnato in azienda con la nascita della prima bottiglia slovena del vino Bati\u010d avvenuto l\u20198 agosto 1988. Questo giorno simboleggia l&#8217;inizio del ritorno della tenuta Bati\u010d alle sue radici, un ritorno alla terra.<\/p>\n\n\n\n<p>Oggi nelle nostre bottiglie viene imbottigliata la linea Classic dei vini Bati\u010d. Si tratta di vini ottenuti da uve provenienti esclusivamente da agricoltura biodinamica. Maturano in contenitori in acciaio inox, talvolta in uova di cemento, e vengono imbottigliati alla prima primavera successiva alla vendemmia.<\/p>\n","protected":false},"excerpt":{"rendered":"<p>Alla fine degli anni &#8217;70, la fattoria Bati\u010d sub\u00ec la pi\u00f9 grande trasformazione della sua storia. Il tradizionale metodo di vinificazione della regione del [&hellip;]<\/p>\n","protected":false},"author":1,"featured_media":4116,"parent":4872,"menu_order":1,"comment_status":"closed","ping_status":"closed","template":"templates\/wine-category.php","meta":{"_acf_changed":false,"inline_featured_image":false,"slim_seo":{"title":"Classic - Vinarstvo Bati\u010d","description":"Alla fine degli anni '70, la fattoria Bati\u010d sub\u00ec la pi\u00f9 grande trasformazione della sua storia. Il tradizionale metodo di vinificazione della regione del Vipacc"},"footnotes":""},"class_list":["post-4874","page","type-page","status-publish","has-post-thumbnail","hentry"],"acf":[],"_links":{"self":[{"href":"https:\/\/www.batic.si\/it\/wp-json\/wp\/v2\/pages\/4874","targetHints":{"allow":["GET"]}}],"collection":[{"href":"https:\/\/www.batic.si\/it\/wp-json\/wp\/v2\/pages"}],"about":[{"href":"https:\/\/www.batic.si\/it\/wp-json\/wp\/v2\/types\/page"}],"author":[{"embeddable":true,"href":"https:\/\/www.batic.si\/it\/wp-json\/wp\/v2\/users\/1"}],"replies":[{"embeddable":true,"href":"https:\/\/www.batic.si\/it\/wp-json\/wp\/v2\/comments?post=4874"}],"version-history":[{"count":2,"href":"https:\/\/www.batic.si\/it\/wp-json\/wp\/v2\/pages\/4874\/revisions"}],"predecessor-version":[{"id":4981,"href":"https:\/\/www.batic.si\/it\/wp-json\/wp\/v2\/pages\/4874\/revisions\/4981"}],"up":[{"embeddable":true,"href":"https:\/\/www.batic.si\/it\/wp-json\/wp\/v2\/pages\/4872"}],"wp:featuredmedia":[{"embeddable":true,"href":"https:\/\/www.batic.si\/it\/wp-json\/wp\/v2\/media\/4116"}],"wp:attachment":[{"href":"https:\/\/www.batic.si\/it\/wp-json\/wp\/v2\/media?parent=4874"}],"curies":[{"name":"wp","href":"https:\/\/api.w.org\/{rel}","templated":true}]}}