{"id":5894,"date":"2023-03-14T12:13:01","date_gmt":"2023-03-14T11:13:01","guid":{"rendered":"https:\/\/www.batic.si\/?page_id=5894"},"modified":"2023-08-03T22:36:48","modified_gmt":"2023-08-03T20:36:48","slug":"pod-visoko","status":"publish","type":"page","link":"https:\/\/www.batic.si\/de\/die-weinberge\/pod-visoko\/","title":{"rendered":"Pod Visoko"},"content":{"rendered":"\n<p><strong><strong>Gr\u00f6\u00dfe:<\/strong>\u00a0 <\/strong>0.19 ha\/ 850 Rebst\u00f6cke<br><strong><strong>H\u00f6henlage:<\/strong>\u00a0 <\/strong>145.5m \u2013 140.8m<br><strong>Weinbergboden:<\/strong> Opok<br><strong><strong>Rebsorte:<\/strong>\u00a0<\/strong>Merlot<br><strong><strong>Anpflanzungsjahr:<\/strong>\u00a0<\/strong>1999<br><strong>Bepflanzungsdichte:<\/strong> 1.1m x 2.1m<\/p>\n\n\n\n<p><\/p>\n\n\n\n<p><\/p>\n\n\n\n<figure class=\"wp-block-image size-large\"><img loading=\"lazy\" decoding=\"async\" width=\"1200\" height=\"800\" src=\"https:\/\/www.batic.si\/wp-content\/uploads\/2023\/04\/pod-visoko-2-1200x800.jpg\" alt=\"\" class=\"wp-image-1840\" srcset=\"https:\/\/www.batic.si\/wp-content\/uploads\/2023\/04\/pod-visoko-2-1200x800.jpg 1200w, https:\/\/www.batic.si\/wp-content\/uploads\/2023\/04\/pod-visoko-2-400x267.jpg 400w, https:\/\/www.batic.si\/wp-content\/uploads\/2023\/04\/pod-visoko-2-768x512.jpg 768w, https:\/\/www.batic.si\/wp-content\/uploads\/2023\/04\/pod-visoko-2.jpg 1920w\" sizes=\"auto, (max-width: 1200px) 100vw, 1200px\" \/><figcaption class=\"wp-element-caption\">Vitovlje\/ Pod visoko<\/figcaption><\/figure>\n\n\n\n<p><strong>Podvisoko<\/strong><\/p>\n\n\n\n<p>Ein kleines, unscheinbares St\u00fcck Land, das zwischen der U\u0161aj Brajda Zone und dem Garten von Mari\u010d liegt. Mit seiner Erscheinung bewahrt er die jahrhundertealte Gestalt der Landschaft vom Vipava-Tal.<\/p>\n","protected":false},"excerpt":{"rendered":"<p>Gr\u00f6\u00dfe:\u00a0 0.19 ha\/ 850 Rebst\u00f6ckeH\u00f6henlage:\u00a0 145.5m \u2013 140.8mWeinbergboden: OpokRebsorte:\u00a0MerlotAnpflanzungsjahr:\u00a01999Bepflanzungsdichte: 1.1m x 2.1m Podvisoko Ein kleines, unscheinbares St\u00fcck Land, das zwischen der U\u0161aj Brajda Zone [&hellip;]<\/p>\n","protected":false},"author":1,"featured_media":7727,"parent":5868,"menu_order":12,"comment_status":"closed","ping_status":"closed","template":"","meta":{"_acf_changed":false,"inline_featured_image":false,"slim_seo":{"title":"Pod Visoko - Vinarstvo Bati\u010d","description":"Gr\u00f6\u00dfe: \u00a0 0.19 ha\/ 850 Rebst\u00f6cke H\u00f6henlage: \u00a0 145.5m \u2013 140.8m Weinbergboden: Opok Rebsorte: \u00a0 Merlot Anpflanzungsjahr: \u00a0 1999 Bepflanzungsdichte: 1.1m x 2.1m Pod"},"footnotes":""},"class_list":["post-5894","page","type-page","status-publish","has-post-thumbnail","hentry"],"acf":[],"_links":{"self":[{"href":"https:\/\/www.batic.si\/de\/wp-json\/wp\/v2\/pages\/5894","targetHints":{"allow":["GET"]}}],"collection":[{"href":"https:\/\/www.batic.si\/de\/wp-json\/wp\/v2\/pages"}],"about":[{"href":"https:\/\/www.batic.si\/de\/wp-json\/wp\/v2\/types\/page"}],"author":[{"embeddable":true,"href":"https:\/\/www.batic.si\/de\/wp-json\/wp\/v2\/users\/1"}],"replies":[{"embeddable":true,"href":"https:\/\/www.batic.si\/de\/wp-json\/wp\/v2\/comments?post=5894"}],"version-history":[{"count":3,"href":"https:\/\/www.batic.si\/de\/wp-json\/wp\/v2\/pages\/5894\/revisions"}],"predecessor-version":[{"id":6940,"href":"https:\/\/www.batic.si\/de\/wp-json\/wp\/v2\/pages\/5894\/revisions\/6940"}],"up":[{"embeddable":true,"href":"https:\/\/www.batic.si\/de\/wp-json\/wp\/v2\/pages\/5868"}],"wp:featuredmedia":[{"embeddable":true,"href":"https:\/\/www.batic.si\/de\/wp-json\/wp\/v2\/media\/7727"}],"wp:attachment":[{"href":"https:\/\/www.batic.si\/de\/wp-json\/wp\/v2\/media?parent=5894"}],"curies":[{"name":"wp","href":"https:\/\/api.w.org\/{rel}","templated":true}]}}