{"id":5892,"date":"2023-03-14T12:12:37","date_gmt":"2023-03-14T11:12:37","guid":{"rendered":"https:\/\/www.batic.si\/?page_id=5892"},"modified":"2023-08-03T22:42:33","modified_gmt":"2023-08-03T20:42:33","slug":"mali-dunaj","status":"publish","type":"page","link":"https:\/\/www.batic.si\/de\/die-weinberge\/mali-dunaj\/","title":{"rendered":"Mali Dunaj"},"content":{"rendered":"\n<p><strong><strong>Gr\u00f6\u00dfe:<\/strong>\u00a0<\/strong>3.39ha\/ 35,000 Rebst\u00f6cke<br><strong>Weinbergboden:<\/strong>\u00a0Opok<br><strong><strong>H\u00f6henlage:<\/strong>\u00a0<\/strong>85.9m \u2013 66.7m<br><strong>Rebsorte:<\/strong>\u00a0Pinella, Ribolla, Sauvignon, Cabernet Sauvignon, Chardonnay, Merlot<br><strong><strong>Anpflanzungsjahr:<\/strong>\u00a0<\/strong>1998\/ 1999 \/ 2008<br><strong>Bepflanzungsdichte:<\/strong> 1.2m x 0.7m<\/p>\n\n\n\n<p><\/p>\n\n\n\n<figure class=\"wp-block-image size-large\"><img loading=\"lazy\" decoding=\"async\" width=\"1200\" height=\"800\" src=\"https:\/\/www.batic.si\/wp-content\/uploads\/2023\/03\/batic-mali-dunaj-2-1-1200x800.jpg\" alt=\"\" class=\"wp-image-1035\" srcset=\"https:\/\/www.batic.si\/wp-content\/uploads\/2023\/03\/batic-mali-dunaj-2-1-1200x800.jpg 1200w, https:\/\/www.batic.si\/wp-content\/uploads\/2023\/03\/batic-mali-dunaj-2-1-400x267.jpg 400w, https:\/\/www.batic.si\/wp-content\/uploads\/2023\/03\/batic-mali-dunaj-2-1-768x512.jpg 768w, https:\/\/www.batic.si\/wp-content\/uploads\/2023\/03\/batic-mali-dunaj-2-1.jpg 1920w\" sizes=\"auto, (max-width: 1200px) 100vw, 1200px\" \/><\/figure>\n\n\n\n<p><strong>Mali Dunaj<\/strong><\/p>\n\n\n\n<p>Beim Pfl\u00fcgen des Weinbergs mussten an einigen Stellen sogar 8 Meter der obersten Schicht der Roterde, der sog. \u00bbterra rossa\u00ab entfernt werden, um an den darunter liegenden Mergelschiefer zu gelangen. Es hat Jahre gedauert, bis wir dieses tote Loch mit Kompost und Gr\u00fcnd\u00fcngung wiederbelebt haben. Dies war der erste Weinberg, der auf dem Hof Bati\u010d mit einer Reihenbreite von 1,2 m und einer Dichte von \u00fcber 10.000 Rebst\u00f6cken\/ha angelegt wurde. Diese Anpflanzungsmethode ist nicht das Ergebnis unserer eigenen Ideen, sondern einfach nur die Wiederbelebung der traditionellen Anbauweise der Weinberge im Vipava-Tal, die aufgrund der sehr hohen Kosten f\u00fcr den Anbau v\u00f6llig aufgegeben worden war. Die Qualit\u00e4t der Trauben aus diesem Weinberg hat dazu gef\u00fchrt, dass wir diese Anbaumethode in fast allen nachfolgenden Weinbergen beibehalten haben.<\/p>\n","protected":false},"excerpt":{"rendered":"<p>Gr\u00f6\u00dfe:\u00a03.39ha\/ 35,000 Rebst\u00f6ckeWeinbergboden:\u00a0OpokH\u00f6henlage:\u00a085.9m \u2013 66.7mRebsorte:\u00a0Pinella, Ribolla, Sauvignon, Cabernet Sauvignon, Chardonnay, MerlotAnpflanzungsjahr:\u00a01998\/ 1999 \/ 2008Bepflanzungsdichte: 1.2m x 0.7m Mali Dunaj Beim Pfl\u00fcgen des Weinbergs mussten [&hellip;]<\/p>\n","protected":false},"author":1,"featured_media":5518,"parent":5868,"menu_order":11,"comment_status":"closed","ping_status":"closed","template":"","meta":{"_acf_changed":false,"inline_featured_image":false,"slim_seo":{"title":"Mali Dunaj - Vinarstvo Bati\u010d","description":"Gr\u00f6\u00dfe: \u00a0 3.39ha\/ 35,000 Rebst\u00f6cke Weinbergboden: \u00a0Opok H\u00f6henlage: \u00a0 85.9m \u2013 66.7m Rebsorte: \u00a0Pinella, Ribolla, Sauvignon, Cabernet Sauvignon, Chardonnay, Merlot"},"footnotes":""},"class_list":["post-5892","page","type-page","status-publish","has-post-thumbnail","hentry"],"acf":[],"_links":{"self":[{"href":"https:\/\/www.batic.si\/de\/wp-json\/wp\/v2\/pages\/5892","targetHints":{"allow":["GET"]}}],"collection":[{"href":"https:\/\/www.batic.si\/de\/wp-json\/wp\/v2\/pages"}],"about":[{"href":"https:\/\/www.batic.si\/de\/wp-json\/wp\/v2\/types\/page"}],"author":[{"embeddable":true,"href":"https:\/\/www.batic.si\/de\/wp-json\/wp\/v2\/users\/1"}],"replies":[{"embeddable":true,"href":"https:\/\/www.batic.si\/de\/wp-json\/wp\/v2\/comments?post=5892"}],"version-history":[{"count":4,"href":"https:\/\/www.batic.si\/de\/wp-json\/wp\/v2\/pages\/5892\/revisions"}],"predecessor-version":[{"id":6949,"href":"https:\/\/www.batic.si\/de\/wp-json\/wp\/v2\/pages\/5892\/revisions\/6949"}],"up":[{"embeddable":true,"href":"https:\/\/www.batic.si\/de\/wp-json\/wp\/v2\/pages\/5868"}],"wp:featuredmedia":[{"embeddable":true,"href":"https:\/\/www.batic.si\/de\/wp-json\/wp\/v2\/media\/5518"}],"wp:attachment":[{"href":"https:\/\/www.batic.si\/de\/wp-json\/wp\/v2\/media?parent=5892"}],"curies":[{"name":"wp","href":"https:\/\/api.w.org\/{rel}","templated":true}]}}