{"id":5888,"date":"2023-03-14T12:11:57","date_gmt":"2023-03-14T11:11:57","guid":{"rendered":"https:\/\/www.batic.si\/?page_id=5888"},"modified":"2023-08-03T22:42:07","modified_gmt":"2023-08-03T20:42:07","slug":"koladovca","status":"publish","type":"page","link":"https:\/\/www.batic.si\/de\/die-weinberge\/koladovca\/","title":{"rendered":"Koladovca"},"content":{"rendered":"\n<p><strong><strong>Gr\u00f6\u00dfe:<\/strong> <\/strong>4.17ha\/ 21,300 Rebst\u00f6cke<br><strong><strong>H\u00f6henlage:<\/strong> <\/strong>120m \u2013 85m<br><strong>Exposure:<\/strong> South<br><strong><strong>Weinbergboden:<\/strong>&nbsp; <\/strong>Opok \/ Lehm<br><strong>Rebsorte: <\/strong>Cabernet Sauvignon<br><strong>Anpflanzungsjahr:<\/strong>&nbsp;2003\/2004<br><strong>Bepflanzungsdichte:<\/strong>&nbsp;0.80m x 2.4m<\/p>\n\n\n\n<p><\/p>\n\n\n\n<figure class=\"wp-block-image size-large\"><img loading=\"lazy\" decoding=\"async\" width=\"1200\" height=\"800\" src=\"https:\/\/www.batic.si\/wp-content\/uploads\/2023\/03\/batic-koladovca-loke-2-1200x800.jpg\" alt=\"\" class=\"wp-image-1624\" srcset=\"https:\/\/www.batic.si\/wp-content\/uploads\/2023\/03\/batic-koladovca-loke-2-1200x800.jpg 1200w, https:\/\/www.batic.si\/wp-content\/uploads\/2023\/03\/batic-koladovca-loke-2-400x267.jpg 400w, https:\/\/www.batic.si\/wp-content\/uploads\/2023\/03\/batic-koladovca-loke-2-768x512.jpg 768w, https:\/\/www.batic.si\/wp-content\/uploads\/2023\/03\/batic-koladovca-loke-2.jpg 1920w\" sizes=\"auto, (max-width: 1200px) 100vw, 1200px\" \/><\/figure>\n\n\n\n<p><strong>Koladovca<\/strong><\/p>\n\n\n\n<p>Loke, das ist das Dorf, in dem die ersten Kirschen im Vipava-Tal reifen. Dort liegt der Weinberg Koladovca, der auf der S\u00fcdseite auf gut 4 Hektar, terrassenf\u00f6rmig angelegt wurde.<\/p>\n\n\n\n<p>Auf diesem St\u00fcck Land war die Wahl der Rebsorte ganz selbstverst\u00e4ndlich. Der Weinberg Koladovca ist vollst\u00e4ndig mit Cabernet Sauvignon bepflanzt und von hier stammen die ersten Flaschen des Cabernet Sauvignon Bati\u010d in Rot.<\/p>\n\n\n\n<p><\/p>\n","protected":false},"excerpt":{"rendered":"<p>Gr\u00f6\u00dfe: 4.17ha\/ 21,300 Rebst\u00f6ckeH\u00f6henlage: 120m \u2013 85mExposure: SouthWeinbergboden:&nbsp; Opok \/ LehmRebsorte: Cabernet SauvignonAnpflanzungsjahr:&nbsp;2003\/2004Bepflanzungsdichte:&nbsp;0.80m x 2.4m Koladovca Loke, das ist das Dorf, in dem die [&hellip;]<\/p>\n","protected":false},"author":1,"featured_media":5347,"parent":5868,"menu_order":9,"comment_status":"closed","ping_status":"closed","template":"","meta":{"_acf_changed":false,"inline_featured_image":false,"slim_seo":{"title":"Koladovca - Vinarstvo Bati\u010d","description":"Gr\u00f6\u00dfe: 4.17ha\/ 21,300 Rebst\u00f6cke H\u00f6henlage: 120m \u2013 85m Exposure: South Weinbergboden: &nbsp; Opok \/ Lehm Rebsorte: Cabernet Sauvignon Anpflanzungsjahr: &nbsp;200"},"footnotes":""},"class_list":["post-5888","page","type-page","status-publish","has-post-thumbnail","hentry"],"acf":[],"_links":{"self":[{"href":"https:\/\/www.batic.si\/de\/wp-json\/wp\/v2\/pages\/5888","targetHints":{"allow":["GET"]}}],"collection":[{"href":"https:\/\/www.batic.si\/de\/wp-json\/wp\/v2\/pages"}],"about":[{"href":"https:\/\/www.batic.si\/de\/wp-json\/wp\/v2\/types\/page"}],"author":[{"embeddable":true,"href":"https:\/\/www.batic.si\/de\/wp-json\/wp\/v2\/users\/1"}],"replies":[{"embeddable":true,"href":"https:\/\/www.batic.si\/de\/wp-json\/wp\/v2\/comments?post=5888"}],"version-history":[{"count":6,"href":"https:\/\/www.batic.si\/de\/wp-json\/wp\/v2\/pages\/5888\/revisions"}],"predecessor-version":[{"id":6948,"href":"https:\/\/www.batic.si\/de\/wp-json\/wp\/v2\/pages\/5888\/revisions\/6948"}],"up":[{"embeddable":true,"href":"https:\/\/www.batic.si\/de\/wp-json\/wp\/v2\/pages\/5868"}],"wp:featuredmedia":[{"embeddable":true,"href":"https:\/\/www.batic.si\/de\/wp-json\/wp\/v2\/media\/5347"}],"wp:attachment":[{"href":"https:\/\/www.batic.si\/de\/wp-json\/wp\/v2\/media?parent=5888"}],"curies":[{"name":"wp","href":"https:\/\/api.w.org\/{rel}","templated":true}]}}