{"id":5882,"date":"2023-03-14T11:59:08","date_gmt":"2023-03-14T10:59:08","guid":{"rendered":"https:\/\/www.batic.si\/?page_id=5882"},"modified":"2023-08-03T22:21:32","modified_gmt":"2023-08-03T20:21:32","slug":"hrastov-hrib-trikotnik","status":"publish","type":"page","link":"https:\/\/www.batic.si\/de\/die-weinberge\/hrastov-hrib-trikotnik\/","title":{"rendered":"Hrastov Hrib Trikotnik"},"content":{"rendered":"\n<p><strong>Gr\u00f6\u00dfe:<\/strong>\u00a00.66 ha\/ 5,300 Rebst\u00f6cke<br><strong>Weinbergboden:<\/strong> 100% Opok<br><strong>Exposition:<\/strong> S<br><strong>H\u00f6henlage<\/strong>:<strong> <\/strong>112.3m \u2013 108.6m<br><strong>Rebsorten:<\/strong> gemischter Weinberg<br><strong><strong>Anpflanzungsjahr:<\/strong> <\/strong>2016<br><strong><strong>Bepflanzungsdichte:<\/strong>\u00a0 <\/strong>1.2m x 1m<\/p>\n\n\n\n<p><\/p>\n\n\n\n<p><\/p>\n\n\n\n<p><\/p>\n\n\n\n<figure class=\"wp-block-image size-large\"><img loading=\"lazy\" decoding=\"async\" width=\"1200\" height=\"800\" src=\"https:\/\/www.batic.si\/wp-content\/uploads\/2023\/03\/batic-hrastov-hrib-trikotnik-1200x800.jpg\" alt=\"\" class=\"wp-image-936\" srcset=\"https:\/\/www.batic.si\/wp-content\/uploads\/2023\/03\/batic-hrastov-hrib-trikotnik-1200x800.jpg 1200w, https:\/\/www.batic.si\/wp-content\/uploads\/2023\/03\/batic-hrastov-hrib-trikotnik-400x267.jpg 400w, https:\/\/www.batic.si\/wp-content\/uploads\/2023\/03\/batic-hrastov-hrib-trikotnik-768x512.jpg 768w, https:\/\/www.batic.si\/wp-content\/uploads\/2023\/03\/batic-hrastov-hrib-trikotnik.jpg 1920w\" sizes=\"auto, (max-width: 1200px) 100vw, 1200px\" \/><figcaption class=\"wp-element-caption\">Hrastov Hrib Trikotnik<\/figcaption><\/figure>\n\n\n\n<p><strong>Hrastov Hrib Trikotnik<\/strong><\/p>\n\n\n\n<p>Nach dem ersten reifen Wein aus dem experimentellen, ungespritzten Weinberg Brajda, verliebte ich mich auf den ersten Schluck in ihn und obwohl ich nicht viel \u00fcber die Sorten wusste, die f\u00fcr die Erde vom Vipava-Tal vollkommen neu waren, war mir sofort klar, dass der Boden des Weinbergs Trikotnik auf dem H. Hrib den Namen dieser Reben tragen w\u00fcrde. Ich habe einen besonderen Respekt vor diesem Weinberg. Hier knirscht der kahle Mergelschiefer-Boden auch nach tagelangem Regen noch unter den F\u00fc\u00dfen und hinterl\u00e4sst saubere Schuhe. Im Jahr 2016 pflanzten wir hier in der Mitte der S\u00fcdflanke des Weinbergs H. Hrib einen gemischten Weinberg. Das war auch das Jahr, in dem unser, Mateja\u00b4s und mein, dritter Sohn geboren wurde. Der Wein aus diesem Weinberg tr\u00e4gt seinen Namen, Marlon Hrastov Hrib.<\/p>\n\n\n\n<p><\/p>\n","protected":false},"excerpt":{"rendered":"<p>Gr\u00f6\u00dfe:\u00a00.66 ha\/ 5,300 Rebst\u00f6ckeWeinbergboden: 100% OpokExposition: SH\u00f6henlage: 112.3m \u2013 108.6mRebsorten: gemischter WeinbergAnpflanzungsjahr: 2016Bepflanzungsdichte:\u00a0 1.2m x 1m Hrastov Hrib Trikotnik Nach dem ersten reifen Wein [&hellip;]<\/p>\n","protected":false},"author":1,"featured_media":5364,"parent":5868,"menu_order":6,"comment_status":"closed","ping_status":"closed","template":"","meta":{"_acf_changed":false,"inline_featured_image":false,"slim_seo":{"title":"Hrastov Hrib Trikotnik - Vinarstvo Bati\u010d","description":"Gr\u00f6\u00dfe: \u00a00.66 ha\/ 5,300 Rebst\u00f6cke Weinbergboden: 100% Opok Exposition: S H\u00f6henlage : 112.3m \u2013 108.6m Rebsorten: gemischter Weinberg Anpflanzungsjahr: 2016 Bepfla"},"footnotes":""},"class_list":["post-5882","page","type-page","status-publish","has-post-thumbnail","hentry"],"acf":[],"_links":{"self":[{"href":"https:\/\/www.batic.si\/de\/wp-json\/wp\/v2\/pages\/5882","targetHints":{"allow":["GET"]}}],"collection":[{"href":"https:\/\/www.batic.si\/de\/wp-json\/wp\/v2\/pages"}],"about":[{"href":"https:\/\/www.batic.si\/de\/wp-json\/wp\/v2\/types\/page"}],"author":[{"embeddable":true,"href":"https:\/\/www.batic.si\/de\/wp-json\/wp\/v2\/users\/1"}],"replies":[{"embeddable":true,"href":"https:\/\/www.batic.si\/de\/wp-json\/wp\/v2\/comments?post=5882"}],"version-history":[{"count":3,"href":"https:\/\/www.batic.si\/de\/wp-json\/wp\/v2\/pages\/5882\/revisions"}],"predecessor-version":[{"id":6925,"href":"https:\/\/www.batic.si\/de\/wp-json\/wp\/v2\/pages\/5882\/revisions\/6925"}],"up":[{"embeddable":true,"href":"https:\/\/www.batic.si\/de\/wp-json\/wp\/v2\/pages\/5868"}],"wp:featuredmedia":[{"embeddable":true,"href":"https:\/\/www.batic.si\/de\/wp-json\/wp\/v2\/media\/5364"}],"wp:attachment":[{"href":"https:\/\/www.batic.si\/de\/wp-json\/wp\/v2\/media?parent=5882"}],"curies":[{"name":"wp","href":"https:\/\/api.w.org\/{rel}","templated":true}]}}