{"id":5872,"date":"2023-03-19T17:41:53","date_gmt":"2023-03-19T16:41:53","guid":{"rendered":"https:\/\/www.batic.si\/?page_id=5872"},"modified":"2023-08-03T20:52:36","modified_gmt":"2023-08-03T18:52:36","slug":"gmajna","status":"publish","type":"page","link":"https:\/\/www.batic.si\/de\/die-weinberge\/gmajna\/","title":{"rendered":"Gmajna"},"content":{"rendered":"\n<p><strong>Gr\u00f6\u00dfe:<\/strong> 0,86ha \/ 8100 Rebst\u00f6cke<br><strong>H\u00f6henlage:<\/strong> 102,5 m &#8211; 94,4 m<br><strong>Weinbergboden:<\/strong> Lehm<br><strong>Exposition:<\/strong> Plateau<br><strong>Rebsorte:<\/strong> Cabernet Sauvignon<br><strong>Anpflanzungsjahr:<\/strong> 2003<br><strong>Bepflanzungsdichte:<\/strong> 1,2m x 1m<\/p>\n\n\n\n<p><\/p>\n\n\n<p><!-- \/wp:post-content --><!-- wp:paragraph --><\/p>\n<p><!-- \/wp:paragraph --><!-- wp:paragraph --><\/p>\n<p><!-- \/wp:paragraph --><!-- wp:paragraph --><\/p>\n<p><!-- \/wp:paragraph --><!-- wp:paragraph --><\/p>\n<p>\u00a0<\/p>\n<p><!-- \/wp:paragraph --><\/p>\n<p><!-- wp:image {\"id\":865,\"sizeSlug\":\"large\",\"linkDestination\":\"none\"} --><\/p>\n<figure class=\"wp-block-image size-large\"><\/figure>\n<p><!-- \/wp:image --><\/p>\n<p><!-- wp:paragraph --><\/p>\n<p><strong>Gmajna\u00a0<\/strong><\/p>\n<p>Gmajna ist ein dichtbepflanzter Kordon-Weinberg mit einem ersten Draht von weniger als einem halben Meter. Wenn man sich im Sommer stundenlang mit diesen Bonsai-\u00e4hnlichen Zwerg-Reben besch\u00e4ftigt, \u00fcberbekommt einen in der unertr\u00e4glichen Hitze manchmal das Gef\u00fchl von seiner eigenen Seele im Stich gelassen zu werden. Im Herbst, nachdem das Blubbern vorbei ist, erinnert mich die Harmonie eines Schluckes Wein manchmal daran. Sicherlich werde ich mich noch einmal umschauen und pr\u00fcfen, was ich da schmecke. Am Ende zahlt sich unsere Arbeit nur durch den Geschmack des Weines aus.<\/p>\n<p>\u00a0<\/p>\n<p><!-- \/wp:paragraph --><\/p>\n<p><!-- wp:paragraph --><\/p>\n<p><!-- \/wp:paragraph --><\/p>","protected":false},"excerpt":{"rendered":"<p>Gr\u00f6\u00dfe: 0,86ha \/ 8100 Rebst\u00f6ckeH\u00f6henlage: 102,5 m &#8211; 94,4 mWeinbergboden: LehmExposition: PlateauRebsorte: Cabernet SauvignonAnpflanzungsjahr: 2003Bepflanzungsdichte: 1,2m x 1m \u00a0 Gmajna\u00a0 Gmajna ist ein dichtbepflanzter [&hellip;]<\/p>\n","protected":false},"author":1,"featured_media":5596,"parent":5868,"menu_order":1,"comment_status":"closed","ping_status":"closed","template":"","meta":{"_acf_changed":false,"inline_featured_image":false,"slim_seo":{"title":"Gmajna - Vinarstvo Bati\u010d","description":"Gr\u00f6\u00dfe: 0,86ha \/ 8100 Rebst\u00f6cke H\u00f6henlage: 102,5 m - 94,4 m Weinbergboden: Lehm Exposition: Plateau Rebsorte: Cabernet Sauvignon Anpflanzungsjahr: 2003 Bepflanzu"},"footnotes":""},"class_list":["post-5872","page","type-page","status-publish","has-post-thumbnail","hentry"],"acf":[],"_links":{"self":[{"href":"https:\/\/www.batic.si\/de\/wp-json\/wp\/v2\/pages\/5872","targetHints":{"allow":["GET"]}}],"collection":[{"href":"https:\/\/www.batic.si\/de\/wp-json\/wp\/v2\/pages"}],"about":[{"href":"https:\/\/www.batic.si\/de\/wp-json\/wp\/v2\/types\/page"}],"author":[{"embeddable":true,"href":"https:\/\/www.batic.si\/de\/wp-json\/wp\/v2\/users\/1"}],"replies":[{"embeddable":true,"href":"https:\/\/www.batic.si\/de\/wp-json\/wp\/v2\/comments?post=5872"}],"version-history":[{"count":2,"href":"https:\/\/www.batic.si\/de\/wp-json\/wp\/v2\/pages\/5872\/revisions"}],"predecessor-version":[{"id":6858,"href":"https:\/\/www.batic.si\/de\/wp-json\/wp\/v2\/pages\/5872\/revisions\/6858"}],"up":[{"embeddable":true,"href":"https:\/\/www.batic.si\/de\/wp-json\/wp\/v2\/pages\/5868"}],"wp:featuredmedia":[{"embeddable":true,"href":"https:\/\/www.batic.si\/de\/wp-json\/wp\/v2\/media\/5596"}],"wp:attachment":[{"href":"https:\/\/www.batic.si\/de\/wp-json\/wp\/v2\/media?parent=5872"}],"curies":[{"name":"wp","href":"https:\/\/api.w.org\/{rel}","templated":true}]}}