{"id":5866,"date":"2023-01-29T21:08:26","date_gmt":"2023-01-29T20:08:26","guid":{"rendered":"https:\/\/www.batic.si\/?page_id=5866"},"modified":"2025-03-17T14:14:52","modified_gmt":"2025-03-17T13:14:52","slug":"vinjak-oskar","status":"publish","type":"page","link":"https:\/\/www.batic.si\/de\/weine\/destilati\/vinjak-oskar\/","title":{"rendered":"Vinjak Oskar"},"content":{"rendered":"\n<p>Mehr als zehn Rebsorten und fast drei\u00dfig Jahre Entwicklung. Der Vinjak Oskar Extra wurde seit Mitte der 80er Jahre in slowenischen Eichenf\u00e4ssern gereift. Zum ersten Mal wurde er im Dezember 2019 abgef\u00fcllt. Der Brandy Oskar entstand aus unserem Engagement f\u00fcr die Qualit\u00e4t unserer Weine und den Prinzipien der biodynamischen Landwirtschaft, einem Engagement, das verlangt, dass wir in diesen Destillaten nur Trauben aus ausgew\u00e4hlten Jahrg\u00e4ngen verwenden \u2013 kalten Jahren, in denen die Trauben alles bieten, was n\u00f6tig ist, um hochqualitative Destillate zu erzeugen. Indem wir mit der Natur zusammenarbeiten und weniger optimale Jahrg\u00e4nge f\u00fcr die Weinproduktion als Gelegenheit zur Herstellung hervorragender Br\u00e4nde betrachten, stellen wir sicher, dass sowohl unsere Weine als auch unsere Br\u00e4nde konsequent von h\u00f6chster Qualit\u00e4t sind. Warme Jahre geh\u00f6ren unseren Weinen; kalte Jahre geh\u00f6ren dem Vinjak Oskar Extra. Jeder Schluck Vinjak Oskar Extra ist wie ein Orchester \u2013 jede Rebsorte ist wie ein separates Instrument in seiner Symphonie der Aromen, Geschmacksrichtungen und Empfindungen. Genie\u00dfen Sie den Vinjak Oskar Extra in der Gesellschaft der Ihnen lieben Menschen, denn dann ist er am s\u00fc\u00dfesten. Prost!<\/p>\n","protected":false},"excerpt":{"rendered":"<p>Mehr als zehn Rebsorten und fast drei\u00dfig Jahre Entwicklung. Der Vinjak Oskar Extra wurde seit Mitte der 80er Jahre in slowenischen Eichenf\u00e4ssern gereift. Zum [&hellip;]<\/p>\n","protected":false},"author":1,"featured_media":5610,"parent":5864,"menu_order":0,"comment_status":"closed","ping_status":"closed","template":"templates\/wine-single.php","meta":{"_acf_changed":false,"inline_featured_image":false,"slim_seo":{"title":"Vinjak Oskar - Vinarstvo Bati\u010d","description":"Mehr als zehn Rebsorten und fast drei\u00dfig Jahre Entwicklung. Der Vinjak Oskar Extra wurde seit Mitte der 80er Jahre in slowenischen Eichenf\u00e4ssern gereift. Zum er"},"footnotes":""},"class_list":["post-5866","page","type-page","status-publish","has-post-thumbnail","hentry"],"acf":[],"_links":{"self":[{"href":"https:\/\/www.batic.si\/de\/wp-json\/wp\/v2\/pages\/5866","targetHints":{"allow":["GET"]}}],"collection":[{"href":"https:\/\/www.batic.si\/de\/wp-json\/wp\/v2\/pages"}],"about":[{"href":"https:\/\/www.batic.si\/de\/wp-json\/wp\/v2\/types\/page"}],"author":[{"embeddable":true,"href":"https:\/\/www.batic.si\/de\/wp-json\/wp\/v2\/users\/1"}],"replies":[{"embeddable":true,"href":"https:\/\/www.batic.si\/de\/wp-json\/wp\/v2\/comments?post=5866"}],"version-history":[{"count":2,"href":"https:\/\/www.batic.si\/de\/wp-json\/wp\/v2\/pages\/5866\/revisions"}],"predecessor-version":[{"id":7999,"href":"https:\/\/www.batic.si\/de\/wp-json\/wp\/v2\/pages\/5866\/revisions\/7999"}],"up":[{"embeddable":true,"href":"https:\/\/www.batic.si\/de\/wp-json\/wp\/v2\/pages\/5864"}],"wp:featuredmedia":[{"embeddable":true,"href":"https:\/\/www.batic.si\/de\/wp-json\/wp\/v2\/media\/5610"}],"wp:attachment":[{"href":"https:\/\/www.batic.si\/de\/wp-json\/wp\/v2\/media?parent=5866"}],"curies":[{"name":"wp","href":"https:\/\/api.w.org\/{rel}","templated":true}]}}