{"id":5856,"date":"2023-01-23T01:16:04","date_gmt":"2023-01-23T00:16:04","guid":{"rendered":"https:\/\/www.batic.si\/?page_id=5856"},"modified":"2026-03-23T14:03:13","modified_gmt":"2026-03-23T13:03:13","slug":"hrastov-hrib","status":"publish","type":"page","link":"https:\/\/www.batic.si\/de\/weine\/marlon\/hrastov-hrib\/","title":{"rendered":"Hrastov Hrib"},"content":{"rendered":"\n<p><\/p>\n\n\n\n<p>Der Landwirt sollte nur ein Assistent der Natur sein und so f\u00fcr die ausgew\u00e4hlten Weinberglagen nur die richtige Rebsorte w\u00e4hlen. Lassen wir doch die Bienen, die Regenw\u00fcrmer, die V\u00f6gel und die dem Auge verborgenen Organismen ihre Arbeit tun. Der Boden soll von der Vielfalt der Pflanzen belebt werden, und zwar von denen, die der Boden selber ruft, und die Reben, die der Landwirt unter Ber\u00fccksichtigung des Bodens ausgew\u00e4hlt hat, sollen von den Winden gesch\u00fctzt werden. Die ersten reifen Trauben werden zeigen, ob seine Wahl der Rebsorte mit der \u00fcbereinstimmt, die der Sch\u00f6pfer dem von ihm gew\u00e4hlten Boden zugewiesen hat.<\/p>\n\n\n\n<p>In all den Jahren der Suche nach einer Identit\u00e4t des Vipava-Tales, in der Literatur fr\u00fcherer Generationen, in den Irrt\u00fcmern der Zeit war DAS in die Vergessenheit-Geratene von allem, auch von den Namen der Rebsorten, der einzig wahre Wegweiser zur Wahrheit. Die Rebe als solche hat in der Natur keinen Namen, nur Eigenschaften. Der Mensch hat ihr einen Namen gegeben. Heute suche ich die einheimischen Sorten nicht mehr nach ihrem Namen, sondern nach ihrem Wesen. Diese Denkweise hat mich zu den Sorten gef\u00fchrt, die unser Land noch nie gekannt hat. Sie haben im Grunde alles, was die einheimischen Sorten fr\u00fcher hatten. Diese Sorten werden heute wie die einheimischen Sorten der Vergangenheit ganz ohne Spritzmittel angebaut.<\/p>\n\n\n\n<p><\/p>\n","protected":false},"excerpt":{"rendered":"<p>Der Landwirt sollte nur ein Assistent der Natur sein und so f\u00fcr die ausgew\u00e4hlten Weinberglagen nur die richtige Rebsorte w\u00e4hlen. Lassen wir doch die [&hellip;]<\/p>\n","protected":false},"author":1,"featured_media":5490,"parent":5852,"menu_order":0,"comment_status":"closed","ping_status":"closed","template":"templates\/wine-single.php","meta":{"_acf_changed":false,"inline_featured_image":false,"slim_seo":{"title":"Hrastov Hrib - Vinarstvo Bati\u010d","description":"Der Landwirt sollte nur ein Assistent der Natur sein und so f\u00fcr die ausgew\u00e4hlten Weinberglagen nur die richtige Rebsorte w\u00e4hlen. Lassen wir doch die Bienen, die"},"footnotes":""},"class_list":["post-5856","page","type-page","status-publish","has-post-thumbnail","hentry"],"acf":[],"_links":{"self":[{"href":"https:\/\/www.batic.si\/de\/wp-json\/wp\/v2\/pages\/5856","targetHints":{"allow":["GET"]}}],"collection":[{"href":"https:\/\/www.batic.si\/de\/wp-json\/wp\/v2\/pages"}],"about":[{"href":"https:\/\/www.batic.si\/de\/wp-json\/wp\/v2\/types\/page"}],"author":[{"embeddable":true,"href":"https:\/\/www.batic.si\/de\/wp-json\/wp\/v2\/users\/1"}],"replies":[{"embeddable":true,"href":"https:\/\/www.batic.si\/de\/wp-json\/wp\/v2\/comments?post=5856"}],"version-history":[{"count":7,"href":"https:\/\/www.batic.si\/de\/wp-json\/wp\/v2\/pages\/5856\/revisions"}],"predecessor-version":[{"id":8240,"href":"https:\/\/www.batic.si\/de\/wp-json\/wp\/v2\/pages\/5856\/revisions\/8240"}],"up":[{"embeddable":true,"href":"https:\/\/www.batic.si\/de\/wp-json\/wp\/v2\/pages\/5852"}],"wp:featuredmedia":[{"embeddable":true,"href":"https:\/\/www.batic.si\/de\/wp-json\/wp\/v2\/media\/5490"}],"wp:attachment":[{"href":"https:\/\/www.batic.si\/de\/wp-json\/wp\/v2\/media?parent=5856"}],"curies":[{"name":"wp","href":"https:\/\/api.w.org\/{rel}","templated":true}]}}