{"id":5852,"date":"2023-01-23T01:15:21","date_gmt":"2023-01-23T00:15:21","guid":{"rendered":"https:\/\/www.batic.si\/?page_id=5852"},"modified":"2023-08-03T20:28:23","modified_gmt":"2023-08-03T18:28:23","slug":"marlon","status":"publish","type":"page","link":"https:\/\/www.batic.si\/de\/weine\/marlon\/","title":{"rendered":"Marlon"},"content":{"rendered":"\n<p>Die Rebe als solche hat in der Natur keinen Namen, nur Eigenschaften. Sie wird vom Menschen benannt. Heute suche ich die autochthonen Sorten nicht mehr nach ihrem Namen, sondern nach ihrem Wesen. Diese Denkweise hat mich zu Sorten gef\u00fchrt, die unser Land bis heute noch nie gekannt hat, die aber im Grunde alles besitzen, was die einheimischen Sorten fr\u00fcher hatten. Diese Sorten werden heute wie die autochthonen Sorten der Vergangenheit ganz ohne Sch\u00e4dlingsbek\u00e4mpfungsmittel angebaut.<\/p>\n\n\n\n<p>Der Weinberg Bati\u010d Brajda ist der erste Weinberg mit resistenten Rebsorten, der in Slowenien angelegt wurde. Dort gedeihen zwanzig verschiedene gegen Pilzkrankheiten der Rebe resistente Sorten. Die Trauben aus diesem ungespritzten Weinberg sind das Markenzeichen des Marlon Brajda.<\/p>\n\n\n\n<p>Im Jahr 2016 kamen zu dem Weinberg Marlon Brajda noch die Weinberge Marlon Hrastov Hrib und Marlon Brce hinzu.<\/p>\n","protected":false},"excerpt":{"rendered":"<p>Die Rebe als solche hat in der Natur keinen Namen, nur Eigenschaften. Sie wird vom Menschen benannt. Heute suche ich die autochthonen Sorten nicht [&hellip;]<\/p>\n","protected":false},"author":1,"featured_media":5684,"parent":5808,"menu_order":4,"comment_status":"closed","ping_status":"closed","template":"templates\/wine-category.php","meta":{"_acf_changed":false,"inline_featured_image":false,"slim_seo":{"title":"Marlon - Vinarstvo Bati\u010d","description":"Die Rebe als solche hat in der Natur keinen Namen, nur Eigenschaften. Sie wird vom Menschen benannt. Heute suche ich die autochthonen Sorten nicht mehr nach ihr"},"footnotes":""},"class_list":["post-5852","page","type-page","status-publish","has-post-thumbnail","hentry"],"acf":[],"_links":{"self":[{"href":"https:\/\/www.batic.si\/de\/wp-json\/wp\/v2\/pages\/5852","targetHints":{"allow":["GET"]}}],"collection":[{"href":"https:\/\/www.batic.si\/de\/wp-json\/wp\/v2\/pages"}],"about":[{"href":"https:\/\/www.batic.si\/de\/wp-json\/wp\/v2\/types\/page"}],"author":[{"embeddable":true,"href":"https:\/\/www.batic.si\/de\/wp-json\/wp\/v2\/users\/1"}],"replies":[{"embeddable":true,"href":"https:\/\/www.batic.si\/de\/wp-json\/wp\/v2\/comments?post=5852"}],"version-history":[{"count":2,"href":"https:\/\/www.batic.si\/de\/wp-json\/wp\/v2\/pages\/5852\/revisions"}],"predecessor-version":[{"id":6833,"href":"https:\/\/www.batic.si\/de\/wp-json\/wp\/v2\/pages\/5852\/revisions\/6833"}],"up":[{"embeddable":true,"href":"https:\/\/www.batic.si\/de\/wp-json\/wp\/v2\/pages\/5808"}],"wp:featuredmedia":[{"embeddable":true,"href":"https:\/\/www.batic.si\/de\/wp-json\/wp\/v2\/media\/5684"}],"wp:attachment":[{"href":"https:\/\/www.batic.si\/de\/wp-json\/wp\/v2\/media?parent=5852"}],"curies":[{"name":"wp","href":"https:\/\/api.w.org\/{rel}","templated":true}]}}