{"id":5842,"date":"2023-01-24T13:43:17","date_gmt":"2023-01-24T12:43:17","guid":{"rendered":"https:\/\/www.batic.si\/?page_id=5842"},"modified":"2026-03-23T13:41:17","modified_gmt":"2026-03-23T12:41:17","slug":"barbera","status":"publish","type":"page","link":"https:\/\/www.batic.si\/de\/weine\/angel\/barbera\/","title":{"rendered":"Barbera"},"content":{"rendered":"\n<p>Die au\u00dfergew\u00f6hnliche Lage des Weinberges Rimac, die pr\u00e4zise biodynamische Bewirtschaftung, die dreifache Ausd\u00fcnnung der Trauben und die Witterungsbedingungen des Jahrgangs 2023 haben zu der geschmacklichen Best\u00e4ndigkeit des Angel Barbera 2023 gef\u00fchrt. Die Ernte des Barbera, die von Hand durchgef\u00fchrt wurde, fand am 22. September statt. Die Trauben wurden dann in 15 kg Kisten verlesen. Nach einer 15-t\u00e4gigen Mazeration reifte der Wein in dann zu 50% in neuen und 50% in gebrauchten 225l Eichenf\u00e4ssern. Der Angel Barbera 2023 enth\u00e4lt auf der Suche nach der Perfektion im Geschmack nicht nur 93% des Barbera aus der Weinberglage Rimc, sondern auch eine Prise &#8211; 7% &#8211; des Merlots aus der Weinberglage \u0160mihel. Nach 26 Monaten Reifung wird der Angel Barbera 2023 ohne Filtration und ohne Kl\u00e4rung in Flaschen abgef\u00fcllt. <\/p>\n","protected":false},"excerpt":{"rendered":"<p>Die au\u00dfergew\u00f6hnliche Lage des Weinberges Rimac, die pr\u00e4zise biodynamische Bewirtschaftung, die dreifache Ausd\u00fcnnung der Trauben und die Witterungsbedingungen des Jahrgangs 2023 haben zu der [&hellip;]<\/p>\n","protected":false},"author":1,"featured_media":5489,"parent":5836,"menu_order":3,"comment_status":"closed","ping_status":"closed","template":"templates\/wine-single.php","meta":{"_acf_changed":false,"inline_featured_image":false,"slim_seo":{"title":"Barbera - Vinarstvo Bati\u010d","description":"Die au\u00dfergew\u00f6hnliche Lage des Weinberges Rimac, die pr\u00e4zise biodynamische Bewirtschaftung, die dreifache Ausd\u00fcnnung der Trauben und die Witterungsbedingungen de"},"footnotes":""},"class_list":["post-5842","page","type-page","status-publish","has-post-thumbnail","hentry"],"acf":[],"_links":{"self":[{"href":"https:\/\/www.batic.si\/de\/wp-json\/wp\/v2\/pages\/5842","targetHints":{"allow":["GET"]}}],"collection":[{"href":"https:\/\/www.batic.si\/de\/wp-json\/wp\/v2\/pages"}],"about":[{"href":"https:\/\/www.batic.si\/de\/wp-json\/wp\/v2\/types\/page"}],"author":[{"embeddable":true,"href":"https:\/\/www.batic.si\/de\/wp-json\/wp\/v2\/users\/1"}],"replies":[{"embeddable":true,"href":"https:\/\/www.batic.si\/de\/wp-json\/wp\/v2\/comments?post=5842"}],"version-history":[{"count":5,"href":"https:\/\/www.batic.si\/de\/wp-json\/wp\/v2\/pages\/5842\/revisions"}],"predecessor-version":[{"id":8216,"href":"https:\/\/www.batic.si\/de\/wp-json\/wp\/v2\/pages\/5842\/revisions\/8216"}],"up":[{"embeddable":true,"href":"https:\/\/www.batic.si\/de\/wp-json\/wp\/v2\/pages\/5836"}],"wp:featuredmedia":[{"embeddable":true,"href":"https:\/\/www.batic.si\/de\/wp-json\/wp\/v2\/media\/5489"}],"wp:attachment":[{"href":"https:\/\/www.batic.si\/de\/wp-json\/wp\/v2\/media?parent=5842"}],"curies":[{"name":"wp","href":"https:\/\/api.w.org\/{rel}","templated":true}]}}