{"id":5828,"date":"2023-02-01T23:02:25","date_gmt":"2023-02-01T22:02:25","guid":{"rendered":"https:\/\/www.batic.si\/?page_id=5828"},"modified":"2026-03-23T13:23:48","modified_gmt":"2026-03-23T12:23:48","slug":"zaria","status":"publish","type":"page","link":"https:\/\/www.batic.si\/de\/weine\/selekcija\/zaria\/","title":{"rendered":"Zaria"},"content":{"rendered":"\n<p>Der Wein \u00bbZaria\u00ab ist eine Cuv\u00e9e aus den einheimischen wei\u00dfen Vipava-Tal-Sorten: Pinela, Malvasia, Welschriesling, Zelen und Vitovska und wird nach dem traditionellen Vipava-Tal Weinverfahren &#8222;Vipavec&#8220; hergestellt.<\/p>\n\n\n\n<p>Wie bei den anderen Bati\u010d-Weinen dreht sich auch bei der Zaria alles um die Trauben. Die ausgew\u00e4hlten Lagen, die extrem niedrigen Hektarertr\u00e4ge, die biodynamische Bewirtschaftung der Weinberge, das Verstehen der Sprache der Natur und die Landbewirtschaftung nach deren Gesetzen sind die wichtigsten Leitprinzipien f\u00fcr den Wein Zaria.<\/p>\n\n\n\n<p>Die Weinlese in den Zaria Weinbergen wurde selektiv in zwei Etappen durchgef\u00fchrt. Der Malvasia und der Welschriesling\/L. Riesling wurden am 12., 22. und am 23. September geerntet. Beide Sorten wurden im Jahr 2022 mit einem hohen Anteil an Edelbotrytis angereichert. Die Sorten Pinella, Zelen und Vitovska wurden einen Tag sp\u00e4ter, am 24. September, geerntet. Der Zaria 2022 war zwei Monate lang in Kontakt mit den Beerenschalen. Danach erfolgte die Reifung in einem 35hl-Eichenfass. Nach 22 Monaten Reifung wird der Zaria im August 2024 ohne Filtration und ohne Kl\u00e4rung in Flaschen abgef\u00fcllt.<\/p>\n\n\n\n<p>Die nat\u00fcrlichen Sedimente, die sich im Wein bilden, n\u00e4hren und sch\u00fctzen den Wein. Die intensive Farbe des Zaria ist auf den sehr geringen Hektarertrag, die botrytisierten Trauben und die Art des Ausbaus zur\u00fcckzuf\u00fchren. Der Zaria schmeckt ganz anders als die Weine des 21. Jahrhunderts. Mit dem Zaria wollten wir die klassische und gleichzeitig die einzige Art der Weinherstellung wiederbeleben, die dem Wein die Kraft der Medizin und der Freude verleiht.<\/p>\n\n\n\n<p><\/p>\n","protected":false},"excerpt":{"rendered":"<p>Der Wein \u00bbZaria\u00ab ist eine Cuv\u00e9e aus den einheimischen wei\u00dfen Vipava-Tal-Sorten: Pinela, Malvasia, Welschriesling, Zelen und Vitovska und wird nach dem traditionellen Vipava-Tal Weinverfahren [&hellip;]<\/p>\n","protected":false},"author":1,"featured_media":5540,"parent":5818,"menu_order":5,"comment_status":"closed","ping_status":"closed","template":"templates\/wine-single.php","meta":{"_acf_changed":false,"inline_featured_image":false,"slim_seo":{"title":"Zaria - Vinarstvo Bati\u010d","description":"Der Wein \u00bbZaria\u00ab ist eine Cuv\u00e9e aus den einheimischen wei\u00dfen Vipava - Tal - Sorten: Pinela, Malvasia, Welschriesling, Zelen und Vitovska und wird nach dem tradi"},"footnotes":""},"class_list":["post-5828","page","type-page","status-publish","has-post-thumbnail","hentry"],"acf":[],"_links":{"self":[{"href":"https:\/\/www.batic.si\/de\/wp-json\/wp\/v2\/pages\/5828","targetHints":{"allow":["GET"]}}],"collection":[{"href":"https:\/\/www.batic.si\/de\/wp-json\/wp\/v2\/pages"}],"about":[{"href":"https:\/\/www.batic.si\/de\/wp-json\/wp\/v2\/types\/page"}],"author":[{"embeddable":true,"href":"https:\/\/www.batic.si\/de\/wp-json\/wp\/v2\/users\/1"}],"replies":[{"embeddable":true,"href":"https:\/\/www.batic.si\/de\/wp-json\/wp\/v2\/comments?post=5828"}],"version-history":[{"count":6,"href":"https:\/\/www.batic.si\/de\/wp-json\/wp\/v2\/pages\/5828\/revisions"}],"predecessor-version":[{"id":8196,"href":"https:\/\/www.batic.si\/de\/wp-json\/wp\/v2\/pages\/5828\/revisions\/8196"}],"up":[{"embeddable":true,"href":"https:\/\/www.batic.si\/de\/wp-json\/wp\/v2\/pages\/5818"}],"wp:featuredmedia":[{"embeddable":true,"href":"https:\/\/www.batic.si\/de\/wp-json\/wp\/v2\/media\/5540"}],"wp:attachment":[{"href":"https:\/\/www.batic.si\/de\/wp-json\/wp\/v2\/media?parent=5828"}],"curies":[{"name":"wp","href":"https:\/\/api.w.org\/{rel}","templated":true}]}}