{"id":5794,"date":"2023-02-26T17:44:09","date_gmt":"2023-02-26T16:44:09","guid":{"rendered":"https:\/\/www.batic.si\/?page_id=5794"},"modified":"2023-08-06T10:58:56","modified_gmt":"2023-08-06T08:58:56","slug":"kontakt","status":"publish","type":"page","link":"https:\/\/www.batic.si\/de\/kontakt\/","title":{"rendered":"Kontakt"},"content":{"rendered":"\n<p><\/p>\n\n\n\n<p><\/p>\n\n\n\n<p><\/p>\n\n\n\n<p><strong>BATI\u010c<\/strong><br>\u0160empas 130a<br>5261 \u0160empas<br>Slovenija<\/p>\n\n\n\n<p>Tel.: +386 5 3088 676<br>Email: info@batic.si<\/p>\n\n\n\n<p><\/p>\n\n\n\n<p><\/p>\n\n\n\n<p><strong>N\u00e4chste Flugh\u00e4fen:<\/strong><br>Ljubljana &#8211; Brnik: 120 km<br>Trst &#8211; Ronchi dei Legionari: 35 km<br>Benetke &#8211; Trevisio: 135 km<br>Benetke &#8211; Marco Polo: 140 km<\/p>\n\n\n\n<figure class=\"wp-block-image size-large\"><img loading=\"lazy\" decoding=\"async\" width=\"1200\" height=\"480\" src=\"https:\/\/www.batic.si\/wp-content\/uploads\/2023\/04\/zemljevid-sempas-1-1200x480.jpg\" alt=\"\" class=\"wp-image-2518\" srcset=\"https:\/\/www.batic.si\/wp-content\/uploads\/2023\/04\/zemljevid-sempas-1-1200x480.jpg 1200w, https:\/\/www.batic.si\/wp-content\/uploads\/2023\/04\/zemljevid-sempas-1-400x160.jpg 400w, https:\/\/www.batic.si\/wp-content\/uploads\/2023\/04\/zemljevid-sempas-1-768x307.jpg 768w, https:\/\/www.batic.si\/wp-content\/uploads\/2023\/04\/zemljevid-sempas-1.jpg 1633w\" sizes=\"auto, (max-width: 1200px) 100vw, 1200px\" \/><\/figure>\n\n\n\n<figure class=\"wp-block-image size-large\"><img loading=\"lazy\" decoding=\"async\" width=\"1200\" height=\"738\" src=\"https:\/\/www.batic.si\/wp-content\/uploads\/2023\/04\/prova-1200x738.jpg\" alt=\"\" class=\"wp-image-2313\" srcset=\"https:\/\/www.batic.si\/wp-content\/uploads\/2023\/04\/prova-1200x738.jpg 1200w, https:\/\/www.batic.si\/wp-content\/uploads\/2023\/04\/prova-400x246.jpg 400w, https:\/\/www.batic.si\/wp-content\/uploads\/2023\/04\/prova-768x472.jpg 768w, https:\/\/www.batic.si\/wp-content\/uploads\/2023\/04\/prova.jpg 1920w\" sizes=\"auto, (max-width: 1200px) 100vw, 1200px\" \/><\/figure>\n","protected":false},"excerpt":{"rendered":"<p>BATI\u010c\u0160empas 130a5261 \u0160empasSlovenija Tel.: +386 5 3088 676Email: info@batic.si N\u00e4chste Flugh\u00e4fen:Ljubljana &#8211; Brnik: 120 kmTrst &#8211; Ronchi dei Legionari: 35 kmBenetke &#8211; Trevisio: 135 [&hellip;]<\/p>\n","protected":false},"author":1,"featured_media":5624,"parent":0,"menu_order":10,"comment_status":"closed","ping_status":"closed","template":"","meta":{"_acf_changed":false,"inline_featured_image":false,"slim_seo":{"title":"Kontakt - Vinarstvo Bati\u010d","description":"BATI\u010c \u0160empas 130a 5261 \u0160empas Slovenija Tel.: +386 5 3088 676 Email: info@batic.si N\u00e4chste Flugh\u00e4fen: Ljubljana - Brnik: 120 km Trst - Ronchi dei Legionari: 35"},"footnotes":""},"class_list":["post-5794","page","type-page","status-publish","has-post-thumbnail","hentry"],"acf":[],"_links":{"self":[{"href":"https:\/\/www.batic.si\/de\/wp-json\/wp\/v2\/pages\/5794","targetHints":{"allow":["GET"]}}],"collection":[{"href":"https:\/\/www.batic.si\/de\/wp-json\/wp\/v2\/pages"}],"about":[{"href":"https:\/\/www.batic.si\/de\/wp-json\/wp\/v2\/types\/page"}],"author":[{"embeddable":true,"href":"https:\/\/www.batic.si\/de\/wp-json\/wp\/v2\/users\/1"}],"replies":[{"embeddable":true,"href":"https:\/\/www.batic.si\/de\/wp-json\/wp\/v2\/comments?post=5794"}],"version-history":[{"count":2,"href":"https:\/\/www.batic.si\/de\/wp-json\/wp\/v2\/pages\/5794\/revisions"}],"predecessor-version":[{"id":6902,"href":"https:\/\/www.batic.si\/de\/wp-json\/wp\/v2\/pages\/5794\/revisions\/6902"}],"wp:featuredmedia":[{"embeddable":true,"href":"https:\/\/www.batic.si\/de\/wp-json\/wp\/v2\/media\/5624"}],"wp:attachment":[{"href":"https:\/\/www.batic.si\/de\/wp-json\/wp\/v2\/media?parent=5794"}],"curies":[{"name":"wp","href":"https:\/\/api.w.org\/{rel}","templated":true}]}}