{"id":5790,"date":"2023-02-26T17:34:54","date_gmt":"2023-02-26T16:34:54","guid":{"rendered":"https:\/\/www.batic.si\/?page_id=5790"},"modified":"2023-08-06T10:59:17","modified_gmt":"2023-08-06T08:59:17","slug":"geschichte","status":"publish","type":"page","link":"https:\/\/www.batic.si\/de\/die-familie\/geschichte\/","title":{"rendered":"Geschichte"},"content":{"rendered":"\n<figure class=\"wp-block-image size-large\"><img loading=\"lazy\" decoding=\"async\" width=\"1200\" height=\"825\" src=\"https:\/\/www.batic.si\/wp-content\/uploads\/2023\/03\/volilci-1200x825.jpg\" alt=\"\" class=\"wp-image-1229\" srcset=\"https:\/\/www.batic.si\/wp-content\/uploads\/2023\/03\/volilci-1200x825.jpg 1200w, https:\/\/www.batic.si\/wp-content\/uploads\/2023\/03\/volilci-400x275.jpg 400w, https:\/\/www.batic.si\/wp-content\/uploads\/2023\/03\/volilci-768x528.jpg 768w, https:\/\/www.batic.si\/wp-content\/uploads\/2023\/03\/volilci.jpg 1862w\" sizes=\"auto, (max-width: 1200px) 100vw, 1200px\" \/><\/figure>\n\n\n\n<p>Anno Domini 1592. Die Renaissance. M\u00f6nche \u2013 S\u00e4ulen unserer Kultur -stellten Weine f\u00fcr die Heilige Messe her. Von ihrem Wissen \u00fcber Tradition, die Erde und den Rhythmus der Natur profitierte auch die Qualit\u00e4t ihrer Weine. Die ersten Bati\u010d Weine entstanden im 16. Jahrhundert, erschaffen von den erfahrenen H\u00e4nden der M\u00f6nche des Bati\u010d Gutes in \u0160empas. Das Gut hat sich seit damals st\u00e4ndig ver\u00e4ndert, kaum etwas deutet noch auf die M\u00f6nche hin. Die Fresken auf den Mauern sind verblasst, die Namen der M\u00f6nche vergessen. Der Platz, auf dem die Kapelle von St. Rok stand, ist nun von Efeu bedeckt, den ein Unbekannter gepflanzt hat. Das einzig verbliebene Andenken an die M\u00f6nche ist das Wissen um die Herstellung hervorragender Weine, welches \u00fcber Jahrhunderte von Generation zu Generation weitergegeben wurde. Bati\u010d Weine sind mehr als eine Huldigung, sie sind die Weiterf\u00fchrung der Tradition und der Arbeitsweise der M\u00f6nche von \u0160empas. Unsere Weine sind ihr Verm\u00e4chtnis<\/p>\n\n\n\n<figure class=\"wp-block-image size-large is-resized\"><img loading=\"lazy\" decoding=\"async\" src=\"https:\/\/www.batic.si\/wp-content\/uploads\/2023\/05\/trgovci-z-filter2-1186x1200.jpg\" alt=\"\" class=\"wp-image-2576\" width=\"960\" height=\"971\" srcset=\"https:\/\/www.batic.si\/wp-content\/uploads\/2023\/05\/trgovci-z-filter2-1186x1200.jpg 1186w, https:\/\/www.batic.si\/wp-content\/uploads\/2023\/05\/trgovci-z-filter2-395x400.jpg 395w, https:\/\/www.batic.si\/wp-content\/uploads\/2023\/05\/trgovci-z-filter2-768x777.jpg 768w, https:\/\/www.batic.si\/wp-content\/uploads\/2023\/05\/trgovci-z-filter2.jpg 1265w\" sizes=\"auto, (max-width: 960px) 100vw, 960px\" \/><figcaption class=\"wp-element-caption\">Manueller Wegweiser f\u00fcr das Jahr 1899 in Gori\u0161ka und Gradi\u0161\u010dana<\/figcaption><\/figure>\n\n\n\n<p><\/p>\n\n\n\n<p><\/p>\n","protected":false},"excerpt":{"rendered":"<p>Anno Domini 1592. Die Renaissance. M\u00f6nche \u2013 S\u00e4ulen unserer Kultur -stellten Weine f\u00fcr die Heilige Messe her. Von ihrem Wissen \u00fcber Tradition, die Erde [&hellip;]<\/p>\n","protected":false},"author":1,"featured_media":5626,"parent":5278,"menu_order":0,"comment_status":"closed","ping_status":"closed","template":"","meta":{"_acf_changed":false,"inline_featured_image":false,"slim_seo":{"title":"Geschichte - Vinarstvo Bati\u010d","description":"Anno Domini 1592. Die Renaissance. M\u00f6nche \u2013 S\u00e4ulen unserer Kultur - stellten Weine f\u00fcr die Heilige Messe her. Von ihrem Wissen \u00fcber Tradition, die Erde und den"},"footnotes":""},"class_list":["post-5790","page","type-page","status-publish","has-post-thumbnail","hentry"],"acf":[],"_links":{"self":[{"href":"https:\/\/www.batic.si\/de\/wp-json\/wp\/v2\/pages\/5790","targetHints":{"allow":["GET"]}}],"collection":[{"href":"https:\/\/www.batic.si\/de\/wp-json\/wp\/v2\/pages"}],"about":[{"href":"https:\/\/www.batic.si\/de\/wp-json\/wp\/v2\/types\/page"}],"author":[{"embeddable":true,"href":"https:\/\/www.batic.si\/de\/wp-json\/wp\/v2\/users\/1"}],"replies":[{"embeddable":true,"href":"https:\/\/www.batic.si\/de\/wp-json\/wp\/v2\/comments?post=5790"}],"version-history":[{"count":5,"href":"https:\/\/www.batic.si\/de\/wp-json\/wp\/v2\/pages\/5790\/revisions"}],"predecessor-version":[{"id":6891,"href":"https:\/\/www.batic.si\/de\/wp-json\/wp\/v2\/pages\/5790\/revisions\/6891"}],"up":[{"embeddable":true,"href":"https:\/\/www.batic.si\/de\/wp-json\/wp\/v2\/pages\/5278"}],"wp:featuredmedia":[{"embeddable":true,"href":"https:\/\/www.batic.si\/de\/wp-json\/wp\/v2\/media\/5626"}],"wp:attachment":[{"href":"https:\/\/www.batic.si\/de\/wp-json\/wp\/v2\/media?parent=5790"}],"curies":[{"name":"wp","href":"https:\/\/api.w.org\/{rel}","templated":true}]}}